{"id":1371,"date":"2025-10-23T23:32:50","date_gmt":"2025-10-23T23:32:50","guid":{"rendered":"https:\/\/blackrhinotoolpro.com\/?post_type=product&#038;p=1371"},"modified":"2025-12-01T13:29:35","modified_gmt":"2025-12-01T13:29:35","slug":"6110v-pulidora-electica-1200w","status":"publish","type":"product","link":"https:\/\/blackrhinotoolpro.com\/index.php\/producto\/6110v-pulidora-electica-1200w\/","title":{"rendered":"6110V Pulidora El\u00e9ctrica 1200W"},"content":{"rendered":"<p><strong>Caracter\u00edsticas:<\/strong><\/p>\n<p><span lang=\"ES\">-Motor potente de 1200 W asegura la m\u00e1xima productividad y el mejor rendimiento<\/span><\/p>\n<p><span lang=\"ES\">-Ajuste de velocidad variable de 600 a 3000 RPM permite trabajar a velocidades personalizadas para adaptarse a diversos materiales y aplicaciones<\/span><\/p>\n<p><span lang=\"ES\">&#8211; Perfecta para realizar tareas de acabado, composici\u00f3n, encerado, pulido, abrillantado y desoxidaci\u00f3n<\/span><\/p>\n<p><span lang=\"ES\">-Cojinetes de bolas antipolvo garantizan la durabilidad del motor y hacen que funcione de una manera m\u00e1s eficiente y perfecta<\/span><\/p>\n<p><span lang=\"ES\">-Cubierta de la caja de engranaje resistente al calor facilita las operaciones de pulido y permite un agarre c\u00f3modo y seguro <\/span><\/p>\n<p><span lang=\"ES\">-Empu\u00f1adura auxiliar ergon\u00f3mica en forma de D reduce la fatiga y brinda un control perfecto de la m\u00e1quina<\/span><\/p>\n<p><span lang=\"ES\">-Almohadilla de pulido de lana de alta calidad es bastante adecuada para diferentes tipos de aplicaciones<\/span><\/p>\n<div>-Cable de goma proporciona mayor durabilidad y mayor eficiencia al producto<\/div>\n","protected":false},"excerpt":{"rendered":"<p>Caracter\u00edsticas: -Motor potente de 1200 W asegura la m\u00e1xima productividad y el mejor rendimiento -Ajuste de velocidad variable de 600 [&hellip;]<\/p>\n","protected":false},"featured_media":1376,"template":"","meta":{"content-type":"","site-sidebar-layout":"default","site-content-layout":"","ast-site-content-layout":"default","site-content-style":"default","site-sidebar-style":"default","ast-global-header-display":"","ast-banner-title-visibility":"","ast-main-header-display":"","ast-hfb-above-header-display":"","ast-hfb-below-header-display":"","ast-hfb-mobile-header-display":"","site-post-title":"","ast-breadcrumbs-content":"","ast-featured-img":"","footer-sml-layout":"","ast-disable-related-posts":"","theme-transparent-header-meta":"default","adv-header-id-meta":"","stick-header-meta":"","header-above-stick-meta":"","header-main-stick-meta":"","header-below-stick-meta":"","astra-migrate-meta-layouts":"set","ast-page-background-enabled":"default","ast-page-background-meta":{"desktop":{"background-color":"var(--ast-global-color-5)","background-image":"","background-repeat":"repeat","background-position":"center center","background-size":"auto","background-attachment":"scroll","background-type":"","background-media":"","overlay-type":"","overlay-color":"","overlay-opacity":"","overlay-gradient":""},"tablet":{"background-color":"","background-image":"","background-repeat":"repeat","background-position":"center center","background-size":"auto","background-attachment":"scroll","background-type":"","background-media":"","overlay-type":"","overlay-color":"","overlay-opacity":"","overlay-gradient":""},"mobile":{"background-color":"","background-image":"","background-repeat":"repeat","background-position":"center center","background-size":"auto","background-attachment":"scroll","background-type":"","background-media":"","overlay-type":"","overlay-color":"","overlay-opacity":"","overlay-gradient":""}},"ast-content-background-meta":{"desktop":{"background-color":"var(--ast-global-color-4)","background-image":"","background-repeat":"repeat","background-position":"center center","background-size":"auto","background-attachment":"scroll","background-type":"","background-media":"","overlay-type":"","overlay-color":"","overlay-opacity":"","overlay-gradient":""},"tablet":{"background-color":"var(--ast-global-color-4)","background-image":"","background-repeat":"repeat","background-position":"center center","background-size":"auto","background-attachment":"scroll","background-type":"","background-media":"","overlay-type":"","overlay-color":"","overlay-opacity":"","overlay-gradient":""},"mobile":{"background-color":"var(--ast-global-color-4)","background-image":"","background-repeat":"repeat","background-position":"center center","background-size":"auto","background-attachment":"scroll","background-type":"","background-media":"","overlay-type":"","overlay-color":"","overlay-opacity":"","overlay-gradient":""}}},"product_brand":[],"product_cat":[33,59],"product_tag":[],"class_list":{"0":"post-1371","1":"product","2":"type-product","3":"status-publish","4":"has-post-thumbnail","6":"product_cat-ferreteria","7":"product_cat-pulidora","8":"desktop-align-center","9":"tablet-align-center","10":"mobile-align-center","12":"first","13":"instock","14":"shipping-taxable","15":"purchasable","16":"product-type-simple"},"_links":{"self":[{"href":"https:\/\/blackrhinotoolpro.com\/index.php\/wp-json\/wp\/v2\/product\/1371","targetHints":{"allow":["GET"]}}],"collection":[{"href":"https:\/\/blackrhinotoolpro.com\/index.php\/wp-json\/wp\/v2\/product"}],"about":[{"href":"https:\/\/blackrhinotoolpro.com\/index.php\/wp-json\/wp\/v2\/types\/product"}],"wp:featuredmedia":[{"embeddable":true,"href":"https:\/\/blackrhinotoolpro.com\/index.php\/wp-json\/wp\/v2\/media\/1376"}],"wp:attachment":[{"href":"https:\/\/blackrhinotoolpro.com\/index.php\/wp-json\/wp\/v2\/media?parent=1371"}],"wp:term":[{"taxonomy":"product_brand","embeddable":true,"href":"https:\/\/blackrhinotoolpro.com\/index.php\/wp-json\/wp\/v2\/product_brand?post=1371"},{"taxonomy":"product_cat","embeddable":true,"href":"https:\/\/blackrhinotoolpro.com\/index.php\/wp-json\/wp\/v2\/product_cat?post=1371"},{"taxonomy":"product_tag","embeddable":true,"href":"https:\/\/blackrhinotoolpro.com\/index.php\/wp-json\/wp\/v2\/product_tag?post=1371"}],"curies":[{"name":"wp","href":"https:\/\/api.w.org\/{rel}","templated":true}]}}