{"id":1351,"date":"2025-09-03T02:04:54","date_gmt":"2025-09-03T02:04:54","guid":{"rendered":"https:\/\/blackrhinotoolpro.com\/?post_type=product&#038;p=1351"},"modified":"2025-12-01T13:29:35","modified_gmt":"2025-12-01T13:29:35","slug":"ra-8016-clavadora-neumatica-12-9mm-calibre-21","status":"publish","type":"product","link":"https:\/\/blackrhinotoolpro.com\/index.php\/producto\/ra-8016-clavadora-neumatica-12-9mm-calibre-21\/","title":{"rendered":"RA-8016 Clavadora Neum\u00e1tica 12.9mm Calibre 21"},"content":{"rendered":"<div id=\"panelsStayOpen-collapseOne\" class=\"accordion-collapse collapse show\" aria-labelledby=\"panelsStayOpen-headingOne\">\n<div class=\"accordion-body\">\n<div class=\"accordion-item\">\n<div id=\"panelsStayOpen-collapseOne\" class=\"accordion-collapse collapse show\" aria-labelledby=\"panelsStayOpen-headingOne\">\n<div class=\"accordion-body\">\n<div>Caracteristicas:<\/div>\n<div class=\"ExternalClassE59F4496271644ABBDACD88121EFCA8E\">-Escape de aire en la parte posterior mantiene los contaminantes lejos del lugar del trabajo<\/div>\n<div>-Empu\u00f1adura antideslizante facilita un trabajo c\u00f3modo<\/div>\n<div>-Cilindro pl\u00e1stico que contiene aceite, no necesita rellenar hasta 1 mill\u00f3n disparos<\/div>\n<div>-Pestillo de cargador f\u00e1cil de abrir para carga r\u00e1pida<\/div>\n<div>-Sistema de seguridad que evitar\u00e1 posibles da\u00f1os (al tacto y golpes) al usuario a la hora de realizar el trabajo<\/div>\n<div>-Protector colocado en la punta de la nariz impide cualquiera abolladura en la pieza del trabajo<\/div>\n<div>-Cargador abre a trav\u00e9s de un pestillo de liberaci\u00f3n r\u00e1pida<\/div>\n<div>-Cargador con recubrimiento de TPU, amortigua el impacto de la ca\u00edda y facilita cerrar el cargador.<\/div>\n<div><\/div>\n<\/div>\n<div>\n<div id=\"panelsStayOpen-collapseTwo\" class=\"accordion-collapse collapse show\" aria-labelledby=\"panelsStayOpen-headingTwo\">\n<div class=\"accordion-body\">\n<div class=\"ExternalClass055203531FEF4546AD9059FAC24ECED9\">La clavadora neum\u00e1tica se considera una de las herramientas esenciales y pr\u00e1cticas para clavar en los proyectos de construcci\u00f3n. Como lo que es obvio, esta m\u00e1quina se alimenta del aire comprimido para poder clavar en distintos tipos de superficie. Este tipo de herramienta neum\u00e1tica se utiliza clavos para realizar diversas tareas de montaje, instalaci\u00f3n, carpinter\u00eda, decoraci\u00f3n y etc.<\/div>\n<div>La clavadora neum\u00e1tica de calibre 21 Ronix RA-8016 funciona con presi\u00f3n de aire de m\u00e1xima 100PSI y es capaz de disparar hasta 1 mill\u00f3n disparos sin necesidad de rellenar su cartucho. Si desea obtener m\u00e1s informaci\u00f3n sobre esta herramienta neum\u00e1tica Ronix, le recomendamos leer la especificaci\u00f3n del producto.<\/div>\n<\/div>\n<\/div>\n<\/div>\n<\/div>\n<\/div>\n<div class=\"accordion-item\">\n<div id=\"panelsStayOpen-headingTwo\" class=\"accordion-header\"><\/div>\n<\/div>\n<\/div>\n<\/div>\n","protected":false},"excerpt":{"rendered":"<p>Caracteristicas: -Escape de aire en la parte posterior mantiene los contaminantes lejos del lugar del trabajo -Empu\u00f1adura antideslizante facilita un [&hellip;]<\/p>\n","protected":false},"featured_media":1361,"template":"","meta":{"content-type":"","site-sidebar-layout":"default","site-content-layout":"","ast-site-content-layout":"default","site-content-style":"default","site-sidebar-style":"default","ast-global-header-display":"","ast-banner-title-visibility":"","ast-main-header-display":"","ast-hfb-above-header-display":"","ast-hfb-below-header-display":"","ast-hfb-mobile-header-display":"","site-post-title":"","ast-breadcrumbs-content":"","ast-featured-img":"","footer-sml-layout":"","ast-disable-related-posts":"","theme-transparent-header-meta":"default","adv-header-id-meta":"","stick-header-meta":"","header-above-stick-meta":"","header-main-stick-meta":"","header-below-stick-meta":"","astra-migrate-meta-layouts":"set","ast-page-background-enabled":"default","ast-page-background-meta":{"desktop":{"background-color":"var(--ast-global-color-5)","background-image":"","background-repeat":"repeat","background-position":"center center","background-size":"auto","background-attachment":"scroll","background-type":"","background-media":"","overlay-type":"","overlay-color":"","overlay-opacity":"","overlay-gradient":""},"tablet":{"background-color":"","background-image":"","background-repeat":"repeat","background-position":"center center","background-size":"auto","background-attachment":"scroll","background-type":"","background-media":"","overlay-type":"","overlay-color":"","overlay-opacity":"","overlay-gradient":""},"mobile":{"background-color":"","background-image":"","background-repeat":"repeat","background-position":"center center","background-size":"auto","background-attachment":"scroll","background-type":"","background-media":"","overlay-type":"","overlay-color":"","overlay-opacity":"","overlay-gradient":""}},"ast-content-background-meta":{"desktop":{"background-color":"var(--ast-global-color-4)","background-image":"","background-repeat":"repeat","background-position":"center center","background-size":"auto","background-attachment":"scroll","background-type":"","background-media":"","overlay-type":"","overlay-color":"","overlay-opacity":"","overlay-gradient":""},"tablet":{"background-color":"var(--ast-global-color-4)","background-image":"","background-repeat":"repeat","background-position":"center center","background-size":"auto","background-attachment":"scroll","background-type":"","background-media":"","overlay-type":"","overlay-color":"","overlay-opacity":"","overlay-gradient":""},"mobile":{"background-color":"var(--ast-global-color-4)","background-image":"","background-repeat":"repeat","background-position":"center center","background-size":"auto","background-attachment":"scroll","background-type":"","background-media":"","overlay-type":"","overlay-color":"","overlay-opacity":"","overlay-gradient":""}}},"product_brand":[],"product_cat":[89,33],"product_tag":[],"class_list":{"0":"post-1351","1":"product","2":"type-product","3":"status-publish","4":"has-post-thumbnail","6":"product_cat-clavadora-neumatica","7":"product_cat-ferreteria","8":"desktop-align-center","9":"tablet-align-center","10":"mobile-align-center","12":"first","13":"instock","14":"shipping-taxable","15":"purchasable","16":"product-type-simple"},"_links":{"self":[{"href":"https:\/\/blackrhinotoolpro.com\/index.php\/wp-json\/wp\/v2\/product\/1351","targetHints":{"allow":["GET"]}}],"collection":[{"href":"https:\/\/blackrhinotoolpro.com\/index.php\/wp-json\/wp\/v2\/product"}],"about":[{"href":"https:\/\/blackrhinotoolpro.com\/index.php\/wp-json\/wp\/v2\/types\/product"}],"wp:featuredmedia":[{"embeddable":true,"href":"https:\/\/blackrhinotoolpro.com\/index.php\/wp-json\/wp\/v2\/media\/1361"}],"wp:attachment":[{"href":"https:\/\/blackrhinotoolpro.com\/index.php\/wp-json\/wp\/v2\/media?parent=1351"}],"wp:term":[{"taxonomy":"product_brand","embeddable":true,"href":"https:\/\/blackrhinotoolpro.com\/index.php\/wp-json\/wp\/v2\/product_brand?post=1351"},{"taxonomy":"product_cat","embeddable":true,"href":"https:\/\/blackrhinotoolpro.com\/index.php\/wp-json\/wp\/v2\/product_cat?post=1351"},{"taxonomy":"product_tag","embeddable":true,"href":"https:\/\/blackrhinotoolpro.com\/index.php\/wp-json\/wp\/v2\/product_tag?post=1351"}],"curies":[{"name":"wp","href":"https:\/\/api.w.org\/{rel}","templated":true}]}}