{"id":1327,"date":"2025-09-03T01:55:30","date_gmt":"2025-09-03T01:55:30","guid":{"rendered":"https:\/\/blackrhinotoolpro.com\/?post_type=product&#038;p=1327"},"modified":"2025-12-01T13:29:36","modified_gmt":"2025-12-01T13:29:36","slug":"ra-t50-clavadora-neumatica-3mm-calibre-16","status":"publish","type":"product","link":"https:\/\/blackrhinotoolpro.com\/index.php\/producto\/ra-t50-clavadora-neumatica-3mm-calibre-16\/","title":{"rendered":"RA-T50 Clavadora Neum\u00e1tica 3mm Calibre 16"},"content":{"rendered":"<div id=\"panelsStayOpen-collapseOne\" class=\"accordion-collapse collapse show\" aria-labelledby=\"panelsStayOpen-headingOne\">\n<div class=\"accordion-body\">\n<div>Caracteristicas:<\/div>\n<div class=\"ExternalClassEB6452596859425DA5C2855F184ED217\">-El escape de aire en el parte posterior acompa\u00f1ado con un silenciador minimiza el ruido de la herramienta<\/div>\n<div>-La empu\u00f1adura blanda antideslizante brinda un trabajo c\u00f3modo<\/div>\n<div>-El gancho para el cintur\u00f3n facilita traslado de la herramienta<\/div>\n<div>-El cilindro pl\u00e1stico que contiene aceite, no necesita rellenar hasta 1 mill\u00f3n disparos<\/div>\n<div>-Un sistema de seguridad que evitar\u00e1 posibles da\u00f1os (al tacto y golpes) al usuario a la hora de realizar el trabajo<\/div>\n<div>-La nariz con el mecanismo de liberaci\u00f3n r\u00e1pida para eliminar r\u00e1pidamente de los atascos<\/div>\n<div>-Tiene un protector contra los golpes posibles en la parte posterior de cargador<\/div>\n<div>-Con 2 modos de disparo: secuencial o disparo<\/div>\n<div>-El mecanismo ajustable de profundidad de clavar<\/div>\n<div>-El cargador pl\u00e1stico resulta en una herramienta m\u00e1s ligero de mayor durabilidad<\/div>\n<div>-El cargador con recubrimiento de TPU, amortigua el impacto de la ca\u00edda y facilita cerrar el cargador.<\/div>\n<div><\/div>\n<\/div>\n<div>La clavadora neum\u00e1tica se considera una de las herramientas esenciales y pr\u00e1cticas para clavar en los proyectos de construcci\u00f3n. Como lo que es obvio, esta m\u00e1quina se alimenta del aire comprimido para poder clavar en distintos tipos de superficie. Este tipo de herramienta neum\u00e1tica se utiliza clavos para realizar diversas tareas de montaje, instalaci\u00f3n, carpinter\u00eda, decoraci\u00f3n y etc. La clavadora neum\u00e1tica 3 mm de calibre 16 Ronix RA-T50 funciona con presi\u00f3n de aire de m\u00e1xima 600PSI. Si desea obtener m\u00e1s informaci\u00f3n sobre esta herramienta neum\u00e1tica Ronix, le ofrecemos leer las partes de especificaci\u00f3n y de la descripci\u00f3n detallada en la continuaci\u00f3n.<\/div>\n<\/div>\n","protected":false},"excerpt":{"rendered":"<p>Caracteristicas: -El escape de aire en el parte posterior acompa\u00f1ado con un silenciador minimiza el ruido de la herramienta -La [&hellip;]<\/p>\n","protected":false},"featured_media":1329,"template":"","meta":{"content-type":"","site-sidebar-layout":"default","site-content-layout":"","ast-site-content-layout":"default","site-content-style":"default","site-sidebar-style":"default","ast-global-header-display":"","ast-banner-title-visibility":"","ast-main-header-display":"","ast-hfb-above-header-display":"","ast-hfb-below-header-display":"","ast-hfb-mobile-header-display":"","site-post-title":"","ast-breadcrumbs-content":"","ast-featured-img":"","footer-sml-layout":"","ast-disable-related-posts":"","theme-transparent-header-meta":"default","adv-header-id-meta":"","stick-header-meta":"","header-above-stick-meta":"","header-main-stick-meta":"","header-below-stick-meta":"","astra-migrate-meta-layouts":"set","ast-page-background-enabled":"default","ast-page-background-meta":{"desktop":{"background-color":"var(--ast-global-color-5)","background-image":"","background-repeat":"repeat","background-position":"center center","background-size":"auto","background-attachment":"scroll","background-type":"","background-media":"","overlay-type":"","overlay-color":"","overlay-opacity":"","overlay-gradient":""},"tablet":{"background-color":"","background-image":"","background-repeat":"repeat","background-position":"center center","background-size":"auto","background-attachment":"scroll","background-type":"","background-media":"","overlay-type":"","overlay-color":"","overlay-opacity":"","overlay-gradient":""},"mobile":{"background-color":"","background-image":"","background-repeat":"repeat","background-position":"center center","background-size":"auto","background-attachment":"scroll","background-type":"","background-media":"","overlay-type":"","overlay-color":"","overlay-opacity":"","overlay-gradient":""}},"ast-content-background-meta":{"desktop":{"background-color":"var(--ast-global-color-4)","background-image":"","background-repeat":"repeat","background-position":"center center","background-size":"auto","background-attachment":"scroll","background-type":"","background-media":"","overlay-type":"","overlay-color":"","overlay-opacity":"","overlay-gradient":""},"tablet":{"background-color":"var(--ast-global-color-4)","background-image":"","background-repeat":"repeat","background-position":"center center","background-size":"auto","background-attachment":"scroll","background-type":"","background-media":"","overlay-type":"","overlay-color":"","overlay-opacity":"","overlay-gradient":""},"mobile":{"background-color":"var(--ast-global-color-4)","background-image":"","background-repeat":"repeat","background-position":"center center","background-size":"auto","background-attachment":"scroll","background-type":"","background-media":"","overlay-type":"","overlay-color":"","overlay-opacity":"","overlay-gradient":""}}},"product_brand":[],"product_cat":[89,33],"product_tag":[],"class_list":{"0":"post-1327","1":"product","2":"type-product","3":"status-publish","4":"has-post-thumbnail","6":"product_cat-clavadora-neumatica","7":"product_cat-ferreteria","8":"desktop-align-center","9":"tablet-align-center","10":"mobile-align-center","12":"first","13":"instock","14":"shipping-taxable","15":"purchasable","16":"product-type-simple"},"_links":{"self":[{"href":"https:\/\/blackrhinotoolpro.com\/index.php\/wp-json\/wp\/v2\/product\/1327","targetHints":{"allow":["GET"]}}],"collection":[{"href":"https:\/\/blackrhinotoolpro.com\/index.php\/wp-json\/wp\/v2\/product"}],"about":[{"href":"https:\/\/blackrhinotoolpro.com\/index.php\/wp-json\/wp\/v2\/types\/product"}],"wp:featuredmedia":[{"embeddable":true,"href":"https:\/\/blackrhinotoolpro.com\/index.php\/wp-json\/wp\/v2\/media\/1329"}],"wp:attachment":[{"href":"https:\/\/blackrhinotoolpro.com\/index.php\/wp-json\/wp\/v2\/media?parent=1327"}],"wp:term":[{"taxonomy":"product_brand","embeddable":true,"href":"https:\/\/blackrhinotoolpro.com\/index.php\/wp-json\/wp\/v2\/product_brand?post=1327"},{"taxonomy":"product_cat","embeddable":true,"href":"https:\/\/blackrhinotoolpro.com\/index.php\/wp-json\/wp\/v2\/product_cat?post=1327"},{"taxonomy":"product_tag","embeddable":true,"href":"https:\/\/blackrhinotoolpro.com\/index.php\/wp-json\/wp\/v2\/product_tag?post=1327"}],"curies":[{"name":"wp","href":"https:\/\/api.w.org\/{rel}","templated":true}]}}