{"id":1288,"date":"2025-09-03T00:51:47","date_gmt":"2025-09-03T00:51:47","guid":{"rendered":"https:\/\/blackrhinotoolpro.com\/?post_type=product&#038;p=1288"},"modified":"2026-02-24T20:45:20","modified_gmt":"2026-02-24T20:45:20","slug":"5902v-sierra-de-corte-tronzadora-355mm-3900rpm-110v","status":"publish","type":"product","link":"https:\/\/blackrhinotoolpro.com\/index.php\/producto\/5902v-sierra-de-corte-tronzadora-355mm-3900rpm-110v\/","title":{"rendered":"5902V Sierra de Corte 355mm 3900RPM 110V"},"content":{"rendered":"<h3 data-start=\"191\" data-end=\"218\"><strong data-start=\"195\" data-end=\"218\">Descripci\u00f3n general:<\/strong><\/h3>\n<p data-start=\"219\" data-end=\"594\">La <strong data-start=\"222\" data-end=\"237\">Ronix 5902V<\/strong> es una <strong data-start=\"245\" data-end=\"277\">sierra de corte (tronzadora)<\/strong> el\u00e9ctrica dise\u00f1ada para trabajos pesados, ideal para cortar metales como acero y aluminio, as\u00ed como perfiles y tubos. Funciona con un motor potente de <strong data-start=\"429\" data-end=\"439\">2400\u202fW<\/strong> y est\u00e1 dise\u00f1ada para operar con voltaje de <strong data-start=\"483\" data-end=\"492\">110\u202fV<\/strong>, adecuada para mercados donde se utiliza ese est\u00e1ndar el\u00e9ctrico.<\/p>\n<div>-Motor profesional ideal para trabajos pesados con una potencia de 2400W garantiza la mejor funcionalidad y proporciona una durabilidad exclusiva<\/div>\n<div>-Interruptor ergon\u00f3mico antipolvo reduce la posibilidad de entrada del polvo al motor de la m\u00e1quina y brinda un uso m\u00e1s conveniente<\/div>\n<div>-Mayor rendimiento permite trabajos continuos durante un tiempo largo<\/div>\n<div>-Guarda protectora ajustable desv\u00eda las chispas y garantiza la seguridad de las operaciones<\/div>\n<div>-Ajuste de la valla hasta 45 \u00b0 para cortes angulares precisos, se ajusta tambi\u00e9n en 2 posiciones para diferentes tama\u00f1os de material<\/div>\n<div>-Sistema de bloqueo del eje permite un cambio f\u00e1cil y r\u00e1pido del disco y mayor seguridad<\/div>\n<div>-Empu\u00f1adura en forma de D permite un agarre suave y brinda m\u00e1s control durante varias aplicaciones de corte<\/div>\n<div>-Abrazadera fuerte y de alta precisi\u00f3n mejora el rendimiento, especialmente en operaciones que requieren mayor precisi\u00f3n.<\/div>\n<div><\/div>\n<div>Una sierra de corte el\u00e9ctrica se considera una herramienta de corte especializado de realizar distintos cortes rectos y angulares en los materiales met\u00e1licos tales como varillas de metal, perfiles, tubos y etc. Este tipo de sierra, conocida tambi\u00e9n como tronzadora o sierra tronzadora. La sierra de corte potente Ronix 5902V es capaz de convertir voltaje de 110V a una potencia 2400W para realizar diversos tipos de cortes hasta la profundidad de 140mm. Esta sierra de corte vers\u00e1til de marca Ronix est\u00e1 equipada en una caja dise\u00f1ada especialmente por Ronix que junto con sus accesorios (una llave hexagonal y un disco de corte de 355 mm) puede satisfacer las necesidades de los usuarios de la mejor manera posible. Para leer m\u00e1s informaci\u00f3n detallada sobre este producto Ronix, eche un vistazo a la parte de especificaci\u00f3n.<\/div>\n<div><\/div>\n<h3 data-start=\"596\" data-end=\"626\"><strong data-start=\"600\" data-end=\"626\">Especificaciones clave<\/strong><\/h3>\n<div class=\"_tableContainer_1rjym_1\">\n<div class=\"_tableWrapper_1rjym_13 group flex w-fit flex-col-reverse\" tabindex=\"-1\">\n<table class=\"w-fit min-w-(--thread-content-width)\" data-start=\"628\" data-end=\"1685\">\n<thead data-start=\"628\" data-end=\"704\">\n<tr data-start=\"628\" data-end=\"704\">\n<th data-start=\"628\" data-end=\"657\" data-col-size=\"sm\">Caracter\u00edstica<\/th>\n<th data-start=\"657\" data-end=\"704\" data-col-size=\"md\">Detalle<\/th>\n<\/tr>\n<\/thead>\n<tbody data-start=\"781\" data-end=\"1685\">\n<tr data-start=\"781\" data-end=\"857\">\n<td data-start=\"781\" data-end=\"809\" data-col-size=\"sm\">Potencia<\/td>\n<td data-start=\"809\" data-end=\"857\" data-col-size=\"md\">2400\u202fW<\/td>\n<\/tr>\n<tr data-start=\"858\" data-end=\"934\">\n<td data-start=\"858\" data-end=\"886\" data-col-size=\"sm\">Voltaje<\/td>\n<td data-start=\"886\" data-end=\"934\" data-col-size=\"md\">110\u202fV \/ 60\u202fHz<\/td>\n<\/tr>\n<tr data-start=\"935\" data-end=\"1011\">\n<td data-start=\"935\" data-end=\"963\" data-col-size=\"sm\">Velocidad sin carga<\/td>\n<td data-start=\"963\" data-end=\"1011\" data-col-size=\"md\">3900\u202fRPM<\/td>\n<\/tr>\n<tr data-start=\"1012\" data-end=\"1088\">\n<td data-start=\"1012\" data-end=\"1040\" data-col-size=\"sm\">Di\u00e1metro del disco<\/td>\n<td data-start=\"1040\" data-end=\"1088\" data-col-size=\"md\">355\u202fmm<\/td>\n<\/tr>\n<tr data-start=\"1089\" data-end=\"1163\">\n<td data-start=\"1089\" data-end=\"1124\" data-col-size=\"sm\">Capacidad m\u00e1xima (acero redondo)<\/td>\n<td data-col-size=\"md\" data-start=\"1124\" data-end=\"1163\">130\u202fmm<\/td>\n<\/tr>\n<tr data-start=\"1164\" data-end=\"1237\">\n<td data-start=\"1164\" data-end=\"1200\" data-col-size=\"sm\">Capacidad m\u00e1xima (acero cuadrado)<\/td>\n<td data-start=\"1200\" data-end=\"1237\" data-col-size=\"md\">120\u202fmm<\/td>\n<\/tr>\n<tr data-start=\"1238\" data-end=\"1310\">\n<td data-start=\"1238\" data-end=\"1277\" data-col-size=\"sm\">Capacidad m\u00e1xima (acero rectangular)<\/td>\n<td data-col-size=\"md\" data-start=\"1277\" data-end=\"1310\">120 \u00d7 130\u202fmm<\/td>\n<\/tr>\n<tr data-start=\"1311\" data-end=\"1386\">\n<td data-start=\"1311\" data-end=\"1346\" data-col-size=\"sm\">Capacidad m\u00e1xima (acero angular)<\/td>\n<td data-start=\"1346\" data-end=\"1386\" data-col-size=\"md\">140 \u00d7 140\u202fmm<\/td>\n<\/tr>\n<tr data-start=\"1387\" data-end=\"1463\">\n<td data-start=\"1387\" data-end=\"1415\" data-col-size=\"sm\">Peso<\/td>\n<td data-start=\"1415\" data-end=\"1463\" data-col-size=\"md\">18\u202fkg<\/td>\n<\/tr>\n<tr data-start=\"1464\" data-end=\"1540\">\n<td data-start=\"1464\" data-end=\"1492\" data-col-size=\"sm\">Empu\u00f1adura<\/td>\n<td data-start=\"1492\" data-end=\"1540\" data-col-size=\"md\">En forma de D, ergon\u00f3mica<\/td>\n<\/tr>\n<tr data-start=\"1541\" data-end=\"1685\">\n<td data-start=\"1541\" data-end=\"1569\" data-col-size=\"sm\">Accesorios incluidos<\/td>\n<td data-col-size=\"md\" data-start=\"1569\" data-end=\"1685\">Llave hexagonal y disco de corte de 355\u202fmm; empacado en caja de color Ronix<\/td>\n<\/tr>\n<\/tbody>\n<\/table>\n<\/div>\n<\/div>\n","protected":false},"excerpt":{"rendered":"<p>Descripci\u00f3n general: La Ronix 5902V es una sierra de corte (tronzadora) el\u00e9ctrica dise\u00f1ada para trabajos pesados, ideal para cortar metales [&hellip;]<\/p>\n","protected":false},"featured_media":1290,"template":"","meta":{"content-type":"","site-sidebar-layout":"default","site-content-layout":"","ast-site-content-layout":"default","site-content-style":"default","site-sidebar-style":"default","ast-global-header-display":"","ast-banner-title-visibility":"","ast-main-header-display":"","ast-hfb-above-header-display":"","ast-hfb-below-header-display":"","ast-hfb-mobile-header-display":"","site-post-title":"","ast-breadcrumbs-content":"","ast-featured-img":"","footer-sml-layout":"","ast-disable-related-posts":"","theme-transparent-header-meta":"default","adv-header-id-meta":"","stick-header-meta":"","header-above-stick-meta":"","header-main-stick-meta":"","header-below-stick-meta":"","astra-migrate-meta-layouts":"set","ast-page-background-enabled":"default","ast-page-background-meta":{"desktop":{"background-color":"var(--ast-global-color-5)","background-image":"","background-repeat":"repeat","background-position":"center center","background-size":"auto","background-attachment":"scroll","background-type":"","background-media":"","overlay-type":"","overlay-color":"","overlay-opacity":"","overlay-gradient":""},"tablet":{"background-color":"","background-image":"","background-repeat":"repeat","background-position":"center center","background-size":"auto","background-attachment":"scroll","background-type":"","background-media":"","overlay-type":"","overlay-color":"","overlay-opacity":"","overlay-gradient":""},"mobile":{"background-color":"","background-image":"","background-repeat":"repeat","background-position":"center center","background-size":"auto","background-attachment":"scroll","background-type":"","background-media":"","overlay-type":"","overlay-color":"","overlay-opacity":"","overlay-gradient":""}},"ast-content-background-meta":{"desktop":{"background-color":"var(--ast-global-color-4)","background-image":"","background-repeat":"repeat","background-position":"center center","background-size":"auto","background-attachment":"scroll","background-type":"","background-media":"","overlay-type":"","overlay-color":"","overlay-opacity":"","overlay-gradient":""},"tablet":{"background-color":"var(--ast-global-color-4)","background-image":"","background-repeat":"repeat","background-position":"center center","background-size":"auto","background-attachment":"scroll","background-type":"","background-media":"","overlay-type":"","overlay-color":"","overlay-opacity":"","overlay-gradient":""},"mobile":{"background-color":"var(--ast-global-color-4)","background-image":"","background-repeat":"repeat","background-position":"center center","background-size":"auto","background-attachment":"scroll","background-type":"","background-media":"","overlay-type":"","overlay-color":"","overlay-opacity":"","overlay-gradient":""}}},"product_brand":[],"product_cat":[33,86],"product_tag":[],"class_list":{"0":"post-1288","1":"product","2":"type-product","3":"status-publish","4":"has-post-thumbnail","6":"product_cat-ferreteria","7":"product_cat-sierra-de-corte","8":"desktop-align-center","9":"tablet-align-center","10":"mobile-align-center","12":"first","13":"instock","14":"sale","15":"shipping-taxable","16":"purchasable","17":"product-type-simple"},"_links":{"self":[{"href":"https:\/\/blackrhinotoolpro.com\/index.php\/wp-json\/wp\/v2\/product\/1288","targetHints":{"allow":["GET"]}}],"collection":[{"href":"https:\/\/blackrhinotoolpro.com\/index.php\/wp-json\/wp\/v2\/product"}],"about":[{"href":"https:\/\/blackrhinotoolpro.com\/index.php\/wp-json\/wp\/v2\/types\/product"}],"wp:featuredmedia":[{"embeddable":true,"href":"https:\/\/blackrhinotoolpro.com\/index.php\/wp-json\/wp\/v2\/media\/1290"}],"wp:attachment":[{"href":"https:\/\/blackrhinotoolpro.com\/index.php\/wp-json\/wp\/v2\/media?parent=1288"}],"wp:term":[{"taxonomy":"product_brand","embeddable":true,"href":"https:\/\/blackrhinotoolpro.com\/index.php\/wp-json\/wp\/v2\/product_brand?post=1288"},{"taxonomy":"product_cat","embeddable":true,"href":"https:\/\/blackrhinotoolpro.com\/index.php\/wp-json\/wp\/v2\/product_cat?post=1288"},{"taxonomy":"product_tag","embeddable":true,"href":"https:\/\/blackrhinotoolpro.com\/index.php\/wp-json\/wp\/v2\/product_tag?post=1288"}],"curies":[{"name":"wp","href":"https:\/\/api.w.org\/{rel}","templated":true}]}}