{"id":1204,"date":"2025-07-09T16:53:02","date_gmt":"2025-07-09T16:53:02","guid":{"rendered":"https:\/\/blackrhinotoolpro.com\/?post_type=product&#038;p=1204"},"modified":"2025-12-01T13:30:14","modified_gmt":"2025-12-01T13:30:14","slug":"2506v-destornillador-electrico-con-cable","status":"publish","type":"product","link":"https:\/\/blackrhinotoolpro.com\/index.php\/producto\/2506v-destornillador-electrico-con-cable\/","title":{"rendered":"2506V Destornillador El\u00e9ctrico (con cable)"},"content":{"rendered":"<h2 data-start=\"44\" data-end=\"98\">\ud83d\udd27 Destornillador El\u00e9ctrico Ronix\u202f2506V (con cable)<\/h2>\n<h3 data-start=\"100\" data-end=\"131\">\u2699\ufe0f Caracter\u00edsticas t\u00e9cnicas<\/h3>\n<ul data-start=\"133\" data-end=\"746\">\n<li data-start=\"133\" data-end=\"174\">\n<p data-start=\"135\" data-end=\"174\"><span class=\"relative -mx-px my-[-0.2rem] rounded px-px py-[0.2rem] transition-colors duration-100 ease-in-out\"><strong data-start=\"0\" data-end=\"12\" data-is-only-node=\"\">Potencia<\/strong>: 600\u202fW<\/span><\/p>\n<\/li>\n<li data-start=\"175\" data-end=\"254\">\n<p data-start=\"177\" data-end=\"254\"><span class=\"relative -mx-px my-[-0.2rem] rounded px-px py-[0.2rem] transition-colors duration-100 ease-in-out\"><strong data-start=\"0\" data-end=\"11\" data-is-only-node=\"\">Voltaje<\/strong>: 110\u202fV (50\u201160\u202fHz)<\/span><\/p>\n<\/li>\n<li data-start=\"255\" data-end=\"334\">\n<p data-start=\"257\" data-end=\"334\"><span class=\"relative -mx-px my-[-0.2rem] rounded px-px py-[0.2rem] transition-colors duration-100 ease-in-out\"><strong data-start=\"0\" data-end=\"10\" data-is-only-node=\"\">Torque<\/strong>: ~23\u201325\u202fN\u00b7m<\/span><\/p>\n<\/li>\n<li data-start=\"335\" data-end=\"414\">\n<p data-start=\"337\" data-end=\"414\"><span class=\"relative -mx-px my-[-0.2rem] rounded px-px py-[0.2rem] transition-colors duration-100 ease-in-out\"><strong data-start=\"0\" data-end=\"23\" data-is-only-node=\"\">Velocidad sin carga<\/strong>: hasta 4\u202f500\u202fRPM<\/span><\/p>\n<\/li>\n<li data-start=\"415\" data-end=\"494\">\n<p data-start=\"417\" data-end=\"494\"><span class=\"relative -mx-px my-[-0.2rem] rounded px-px py-[0.2rem] transition-colors duration-100 ease-in-out\"><strong data-start=\"0\" data-end=\"15\" data-is-only-node=\"\">Portapuntas<\/strong>: Hexagonal de 6,35\u202fmm (\u00bc\u2033)<\/span><\/p>\n<\/li>\n<li data-start=\"495\" data-end=\"578\">\n<p data-start=\"497\" data-end=\"578\"><span class=\"relative -mx-px my-[-0.2rem] rounded px-px py-[0.2rem] transition-colors duration-100 ease-in-out\"><strong data-start=\"0\" data-end=\"8\" data-is-only-node=\"\">Peso<\/strong>: ~1,7\u202fkg<\/span><\/p>\n<\/li>\n<li data-start=\"579\" data-end=\"662\">\n<p data-start=\"581\" data-end=\"662\"><span class=\"relative -mx-px my-[-0.2rem] rounded px-px py-[0.2rem] transition-colors duration-100 ease-in-out\"><strong data-start=\"0\" data-end=\"22\" data-is-only-node=\"\">Caja de engranajes<\/strong>: met\u00e1lica, duradera, dise\u00f1ada para montaje de paneles de yeso<\/span><\/p>\n<\/li>\n<li data-start=\"663\" data-end=\"746\">\n<p data-start=\"665\" data-end=\"746\"><span class=\"relative -mx-px my-[-0.2rem] rounded px-px py-[0.2rem] transition-colors duration-100 ease-in-out\">Incluye <strong data-start=\"8\" data-end=\"41\">control de velocidad variable<\/strong>, <strong data-start=\"43\" data-end=\"68\">interruptor antipolvo<\/strong>, sistema autom\u00e1tico de embrague y mango ergon\u00f3mico giratorio<\/span><\/p>\n<\/li>\n<\/ul>\n<hr data-start=\"748\" data-end=\"751\" \/>\n<h3 data-start=\"753\" data-end=\"779\">\ud83d\udee0\ufe0f Ventajas del 2506V<\/h3>\n<ul data-start=\"781\" data-end=\"1116\">\n<li data-start=\"781\" data-end=\"864\">\n<p data-start=\"783\" data-end=\"864\"><span class=\"relative -mx-px my-[-0.2rem] rounded px-px py-[0.2rem] transition-colors duration-100 ease-in-out\">Gracias a su <strong data-start=\"13\" data-end=\"58\">motor potente de 600\u202fW y par de 23\u201325\u202fN\u00b7m<\/strong>, es ideal para atornillar drywall (<strong data-start=\"94\" data-end=\"113\">paneles de yeso<\/strong>), estructuras de madera o metal.<\/span><\/p>\n<\/li>\n<li data-start=\"865\" data-end=\"948\">\n<p data-start=\"867\" data-end=\"948\"><span class=\"relative -mx-px my-[-0.2rem] rounded px-px py-[0.2rem] transition-colors duration-100 ease-in-out\">Alta <strong data-start=\"5\" data-end=\"37\">velocidad de hasta 4\u202f500\u202fRPM<\/strong>, ideal para trabajos r\u00e1pidos y eficientes.<\/span><\/p>\n<\/li>\n<li data-start=\"949\" data-end=\"1032\">\n<p data-start=\"951\" data-end=\"1032\"><span class=\"relative -mx-px my-[-0.2rem] rounded px-px py-[0.2rem] transition-colors duration-100 ease-in-out\"><strong data-start=\"0\" data-end=\"22\" data-is-only-node=\"\">Dise\u00f1o profesional<\/strong>: mango giratorio para reduce la fatiga; bot\u00f3n de bloqueo permite uso continuo.<\/span><\/p>\n<\/li>\n<li data-start=\"1033\" data-end=\"1116\">\n<p data-start=\"1035\" data-end=\"1116\"><span class=\"relative -mx-px my-[-0.2rem] rounded px-px py-[0.2rem] transition-colors duration-100 ease-in-out\">Su resistencia al polvo lo hace adecuado para entornos de construcci\u00f3n.<\/span><\/p>\n<\/li>\n<\/ul>\n<hr data-start=\"1329\" data-end=\"1332\" \/>\n<h3 data-start=\"1334\" data-end=\"1362\">\u2705 Recomendaciones de uso<\/h3>\n<ul data-start=\"1364\" data-end=\"1622\">\n<li data-start=\"1364\" data-end=\"1514\">\n<p data-start=\"1366\" data-end=\"1514\">Especialmente \u00fatil para instaladores de paneles de yeso, t\u00e9cnicos de drywall, carpinter\u00eda o trabajos en serie que requieran atornillado eficiente.<\/p>\n<\/li>\n<li data-start=\"1515\" data-end=\"1622\">\n<p data-start=\"1517\" data-end=\"1622\">Gracias a su dise\u00f1o s\u00f3lido y controles ajustables, tambi\u00e9n es \u00fatil en metal, madera o estructuras mixtas.<\/p>\n<\/li>\n<\/ul>\n","protected":false},"excerpt":{"rendered":"<p>\ud83d\udd27 Destornillador El\u00e9ctrico Ronix\u202f2506V (con cable) \u2699\ufe0f Caracter\u00edsticas t\u00e9cnicas Potencia: 600\u202fW Voltaje: 110\u202fV (50\u201160\u202fHz) Torque: ~23\u201325\u202fN\u00b7m Velocidad sin carga: hasta [&hellip;]<\/p>\n","protected":false},"featured_media":1209,"template":"","meta":{"content-type":"","site-sidebar-layout":"default","site-content-layout":"","ast-site-content-layout":"default","site-content-style":"default","site-sidebar-style":"default","ast-global-header-display":"","ast-banner-title-visibility":"","ast-main-header-display":"","ast-hfb-above-header-display":"","ast-hfb-below-header-display":"","ast-hfb-mobile-header-display":"","site-post-title":"","ast-breadcrumbs-content":"","ast-featured-img":"","footer-sml-layout":"","ast-disable-related-posts":"","theme-transparent-header-meta":"default","adv-header-id-meta":"","stick-header-meta":"","header-above-stick-meta":"","header-main-stick-meta":"","header-below-stick-meta":"","astra-migrate-meta-layouts":"set","ast-page-background-enabled":"default","ast-page-background-meta":{"desktop":{"background-color":"var(--ast-global-color-5)","background-image":"","background-repeat":"repeat","background-position":"center center","background-size":"auto","background-attachment":"scroll","background-type":"","background-media":"","overlay-type":"","overlay-color":"","overlay-opacity":"","overlay-gradient":""},"tablet":{"background-color":"","background-image":"","background-repeat":"repeat","background-position":"center center","background-size":"auto","background-attachment":"scroll","background-type":"","background-media":"","overlay-type":"","overlay-color":"","overlay-opacity":"","overlay-gradient":""},"mobile":{"background-color":"","background-image":"","background-repeat":"repeat","background-position":"center center","background-size":"auto","background-attachment":"scroll","background-type":"","background-media":"","overlay-type":"","overlay-color":"","overlay-opacity":"","overlay-gradient":""}},"ast-content-background-meta":{"desktop":{"background-color":"var(--ast-global-color-4)","background-image":"","background-repeat":"repeat","background-position":"center center","background-size":"auto","background-attachment":"scroll","background-type":"","background-media":"","overlay-type":"","overlay-color":"","overlay-opacity":"","overlay-gradient":""},"tablet":{"background-color":"var(--ast-global-color-4)","background-image":"","background-repeat":"repeat","background-position":"center center","background-size":"auto","background-attachment":"scroll","background-type":"","background-media":"","overlay-type":"","overlay-color":"","overlay-opacity":"","overlay-gradient":""},"mobile":{"background-color":"var(--ast-global-color-4)","background-image":"","background-repeat":"repeat","background-position":"center center","background-size":"auto","background-attachment":"scroll","background-type":"","background-media":"","overlay-type":"","overlay-color":"","overlay-opacity":"","overlay-gradient":""}}},"product_brand":[],"product_cat":[82,33],"product_tag":[],"class_list":{"0":"post-1204","1":"product","2":"type-product","3":"status-publish","4":"has-post-thumbnail","6":"product_cat-destornillador-electrico","7":"product_cat-ferreteria","8":"desktop-align-center","9":"tablet-align-center","10":"mobile-align-center","12":"first","13":"instock","14":"shipping-taxable","15":"purchasable","16":"product-type-simple"},"_links":{"self":[{"href":"https:\/\/blackrhinotoolpro.com\/index.php\/wp-json\/wp\/v2\/product\/1204","targetHints":{"allow":["GET"]}}],"collection":[{"href":"https:\/\/blackrhinotoolpro.com\/index.php\/wp-json\/wp\/v2\/product"}],"about":[{"href":"https:\/\/blackrhinotoolpro.com\/index.php\/wp-json\/wp\/v2\/types\/product"}],"wp:featuredmedia":[{"embeddable":true,"href":"https:\/\/blackrhinotoolpro.com\/index.php\/wp-json\/wp\/v2\/media\/1209"}],"wp:attachment":[{"href":"https:\/\/blackrhinotoolpro.com\/index.php\/wp-json\/wp\/v2\/media?parent=1204"}],"wp:term":[{"taxonomy":"product_brand","embeddable":true,"href":"https:\/\/blackrhinotoolpro.com\/index.php\/wp-json\/wp\/v2\/product_brand?post=1204"},{"taxonomy":"product_cat","embeddable":true,"href":"https:\/\/blackrhinotoolpro.com\/index.php\/wp-json\/wp\/v2\/product_cat?post=1204"},{"taxonomy":"product_tag","embeddable":true,"href":"https:\/\/blackrhinotoolpro.com\/index.php\/wp-json\/wp\/v2\/product_tag?post=1204"}],"curies":[{"name":"wp","href":"https:\/\/api.w.org\/{rel}","templated":true}]}}