{"id":1182,"date":"2025-07-09T16:12:05","date_gmt":"2025-07-09T16:12:05","guid":{"rendered":"https:\/\/blackrhinotoolpro.com\/?post_type=product&#038;p=1182"},"modified":"2025-12-01T13:30:14","modified_gmt":"2025-12-01T13:30:14","slug":"2701v-roto-martillo-800w-26mm-110v","status":"publish","type":"product","link":"https:\/\/blackrhinotoolpro.com\/index.php\/producto\/2701v-roto-martillo-800w-26mm-110v\/","title":{"rendered":"2701V Roto Martillo 800w-26mm-110V"},"content":{"rendered":"<h2 data-start=\"44\" data-end=\"95\">\ud83d\udee0\ufe0f Rotomartillo Ronix 2701V \u2013 Detalles T\u00e9cnicos<\/h2>\n<p data-start=\"97\" data-end=\"134\"><span class=\"relative -mx-px my-[-0.2rem] rounded px-px py-[0.2rem] transition-colors duration-100 ease-in-out\">Este taladro percutor de alto rendimiento cuenta con caracter\u00edsticas destacadas para trabajos exigentes en construcci\u00f3n:<\/span><\/p>\n<ul data-start=\"136\" data-end=\"633\">\n<li data-start=\"136\" data-end=\"177\">\n<p data-start=\"138\" data-end=\"177\"><span class=\"relative -mx-px my-[-0.2rem] rounded px-px py-[0.2rem] transition-colors duration-100 ease-in-out\"><strong data-start=\"0\" data-end=\"12\" data-is-only-node=\"\">Potencia<\/strong>: 800\u202fW<\/span><\/p>\n<\/li>\n<li data-start=\"178\" data-end=\"219\">\n<p data-start=\"180\" data-end=\"219\"><span class=\"relative -mx-px my-[-0.2rem] rounded px-px py-[0.2rem] transition-colors duration-100 ease-in-out\"><strong data-start=\"0\" data-end=\"11\" data-is-only-node=\"\">Voltaje<\/strong>: 110\u202fV, 60\u202fHz<\/span><\/p>\n<\/li>\n<li data-start=\"220\" data-end=\"261\">\n<p data-start=\"222\" data-end=\"261\"><span class=\"relative -mx-px my-[-0.2rem] rounded px-px py-[0.2rem] transition-colors duration-100 ease-in-out\"><strong data-start=\"0\" data-end=\"22\" data-is-only-node=\"\">Energ\u00eda de impacto<\/strong>: 3\u202fJ<\/span><\/p>\n<\/li>\n<li data-start=\"262\" data-end=\"303\">\n<p data-start=\"264\" data-end=\"303\"><span class=\"relative -mx-px my-[-0.2rem] rounded px-px py-[0.2rem] transition-colors duration-100 ease-in-out\"><strong data-start=\"0\" data-end=\"23\" data-is-only-node=\"\">Velocidad sin carga<\/strong>: 0\u20131\u202f100\u202fRPM<\/span><\/p>\n<\/li>\n<li data-start=\"304\" data-end=\"383\">\n<p data-start=\"306\" data-end=\"383\"><span class=\"relative -mx-px my-[-0.2rem] rounded px-px py-[0.2rem] transition-colors duration-100 ease-in-out\"><strong data-start=\"0\" data-end=\"20\" data-is-only-node=\"\">Tasa de impactos<\/strong>: \u2248\u202f4\u202f900\u202fgolpes\/min (seg\u00fan peso en fuentes)<\/span><\/p>\n<\/li>\n<li data-start=\"384\" data-end=\"425\">\n<p data-start=\"386\" data-end=\"425\"><span class=\"relative -mx-px my-[-0.2rem] rounded px-px py-[0.2rem] transition-colors duration-100 ease-in-out\"><strong data-start=\"0\" data-end=\"15\" data-is-only-node=\"\">Portabrocas<\/strong>: SDS\u2011Plus de 26\u202fmm<\/span><\/p>\n<\/li>\n<li data-start=\"426\" data-end=\"507\">\n<p data-start=\"428\" data-end=\"507\"><span class=\"relative -mx-px my-[-0.2rem] rounded px-px py-[0.2rem] transition-colors duration-100 ease-in-out\"><strong data-start=\"0\" data-end=\"30\" data-is-only-node=\"\">Capacidades de perforaci\u00f3n<\/strong>: hormig\u00f3n 26\u202fmm \u00b7 madera 30\u202fmm \u00b7 acero 13\u202fmm<\/span><\/p>\n<\/li>\n<li data-start=\"508\" data-end=\"551\">\n<p data-start=\"510\" data-end=\"551\"><span class=\"relative -mx-px my-[-0.2rem] rounded px-px py-[0.2rem] transition-colors duration-100 ease-in-out\"><strong data-start=\"0\" data-end=\"8\" data-is-only-node=\"\">Peso<\/strong>: 2,6\u202fkg<\/span><\/p>\n<\/li>\n<li data-start=\"552\" data-end=\"633\">\n<p data-start=\"554\" data-end=\"633\"><span class=\"relative -mx-px my-[-0.2rem] rounded px-px py-[0.2rem] transition-colors duration-100 ease-in-out\"><strong data-start=\"0\" data-end=\"14\" data-is-only-node=\"\">Accesorios<\/strong>: malet\u00edn BMC, mango auxiliar 360\u00b0, brocas SDS\u2011Plus (7\u00d7150, 8\u00d7150, 10\u00d7150, 12\u00d7150\u202fmm), medidor de profundidad, cincel, cepillos de carb\u00f3n<\/span><\/p>\n<\/li>\n<\/ul>\n<h3 data-start=\"635\" data-end=\"649\">Funciones:<\/h3>\n<ol data-start=\"650\" data-end=\"850\">\n<li data-start=\"650\" data-end=\"675\">\n<p data-start=\"653\" data-end=\"675\"><strong data-start=\"653\" data-end=\"673\">Taladrado normal<\/strong><\/p>\n<\/li>\n<li data-start=\"676\" data-end=\"720\">\n<p data-start=\"679\" data-end=\"720\"><span class=\"relative -mx-px my-[-0.2rem] rounded px-px py-[0.2rem] transition-colors duration-100 ease-in-out\"><strong data-start=\"0\" data-end=\"27\" data-is-last-node=\"\" data-is-only-node=\"\">Taladrado con percusi\u00f3n<\/strong><\/span><\/p>\n<\/li>\n<li data-start=\"721\" data-end=\"765\">\n<p data-start=\"724\" data-end=\"765\"><span class=\"relative -mx-px my-[-0.2rem] rounded px-px py-[0.2rem] transition-colors duration-100 ease-in-out\"><strong data-start=\"0\" data-end=\"34\" data-is-last-node=\"\" data-is-only-node=\"\">Cincelado (con giro bloqueado)<\/strong><\/span><\/p>\n<\/li>\n<li data-start=\"766\" data-end=\"850\">\n<p data-start=\"769\" data-end=\"850\"><span class=\"relative -mx-px my-[-0.2rem] rounded px-px py-[0.2rem] transition-colors duration-100 ease-in-out\"><strong data-start=\"0\" data-end=\"31\" data-is-last-node=\"\" data-is-only-node=\"\">Modo de liberaci\u00f3n de broca<\/strong><\/span><\/p>\n<\/li>\n<\/ol>\n<hr data-start=\"852\" data-end=\"855\" \/>\n<h2 data-start=\"857\" data-end=\"890\">\ud83d\udca1 Caracter\u00edsticas adicionales<\/h2>\n<ul data-start=\"892\" data-end=\"1227\">\n<li data-start=\"892\" data-end=\"975\">\n<p data-start=\"894\" data-end=\"975\"><span class=\"relative -mx-px my-[-0.2rem] rounded px-px py-[0.2rem] transition-colors duration-100 ease-in-out\"><strong data-start=\"0\" data-end=\"25\" data-is-only-node=\"\">Embrague de seguridad<\/strong> previene torsiones peligrosas en caso de atascos<\/span><\/p>\n<\/li>\n<li data-start=\"976\" data-end=\"1059\">\n<p data-start=\"978\" data-end=\"1059\"><span class=\"relative -mx-px my-[-0.2rem] rounded px-px py-[0.2rem] transition-colors duration-100 ease-in-out\"><strong data-start=\"0\" data-end=\"26\" data-is-only-node=\"\">Interruptor de bloqueo<\/strong> facilita la operaci\u00f3n continua<\/span><\/p>\n<\/li>\n<li data-start=\"1060\" data-end=\"1143\">\n<p data-start=\"1062\" data-end=\"1143\"><span class=\"relative -mx-px my-[-0.2rem] rounded px-px py-[0.2rem] transition-colors duration-100 ease-in-out\"><strong data-start=\"0\" data-end=\"37\" data-is-only-node=\"\">Empu\u00f1adura auxiliar amortiguadora<\/strong> giratoria de 360\u00b0 para reducir vibraciones y fatiga<\/span><\/p>\n<\/li>\n<li data-start=\"1144\" data-end=\"1227\">\n<p data-start=\"1146\" data-end=\"1227\"><span class=\"relative -mx-px my-[-0.2rem] rounded px-px py-[0.2rem] transition-colors duration-100 ease-in-out\"><strong data-start=\"0\" data-end=\"30\" data-is-only-node=\"\">C\u00e1rter de aluminio fundido<\/strong>, resistente y con buena disipaci\u00f3n de calor<\/span><\/p>\n<\/li>\n<\/ul>\n<hr data-start=\"1229\" data-end=\"1232\" \/>\n<h2 data-start=\"1234\" data-end=\"1260\">\u2705 \u00bfPara qui\u00e9n es ideal?<\/h2>\n<p data-start=\"1262\" data-end=\"1301\"><span class=\"relative -mx-px my-[-0.2rem] rounded px-px py-[0.2rem] transition-colors duration-100 ease-in-out\">Este modelo es una excelente opci\u00f3n para:<\/span><\/p>\n<ul data-start=\"1303\" data-end=\"1432\">\n<li data-start=\"1303\" data-end=\"1346\">\n<p data-start=\"1305\" data-end=\"1346\"><span class=\"relative -mx-px my-[-0.2rem] rounded px-px py-[0.2rem] transition-colors duration-100 ease-in-out\">Profesionales de construcci\u00f3n, electricistas, fontaneros y colocadores que requieren una herramienta vers\u00e1til y potente.<\/span><\/p>\n<\/li>\n<li data-start=\"1347\" data-end=\"1390\">\n<p data-start=\"1349\" data-end=\"1390\"><span class=\"relative -mx-px my-[-0.2rem] rounded px-px py-[0.2rem] transition-colors duration-100 ease-in-out\">Usuarios que trabajen con materiales duros como hormig\u00f3n y bloques de piedra.<\/span><\/p>\n<\/li>\n<li data-start=\"1391\" data-end=\"1432\">\n<p data-start=\"1393\" data-end=\"1432\"><span class=\"relative -mx-px my-[-0.2rem] rounded px-px py-[0.2rem] transition-colors duration-100 ease-in-out\">Quienes valoren la ergonom\u00eda y seguridad en uso continuo.<\/span><\/p>\n<\/li>\n<\/ul>\n<hr data-start=\"1434\" data-end=\"1437\" \/>\n<h3 data-start=\"1439\" data-end=\"1466\">\u2699\ufe0f Comparativa resumida<\/h3>\n<div class=\"_tableContainer_80l1q_1\">\n<div class=\"_tableWrapper_80l1q_14 group flex w-fit flex-col-reverse\" tabindex=\"-1\">\n<table class=\"w-fit min-w-(--thread-content-width)\" data-start=\"1468\" data-end=\"2107\">\n<thead data-start=\"1468\" data-end=\"1508\">\n<tr data-start=\"1468\" data-end=\"1508\">\n<th data-start=\"1468\" data-end=\"1493\" data-col-size=\"sm\">Especificaci\u00f3n<\/th>\n<th data-start=\"1493\" data-end=\"1508\" data-col-size=\"sm\">Ronix\u202f2701V<\/th>\n<\/tr>\n<\/thead>\n<tbody data-start=\"1551\" data-end=\"2107\">\n<tr data-start=\"1551\" data-end=\"1592\">\n<td data-start=\"1551\" data-end=\"1576\" data-col-size=\"sm\">Potencia<\/td>\n<td data-start=\"1576\" data-end=\"1592\" data-col-size=\"sm\">800\u202fW<\/td>\n<\/tr>\n<tr data-start=\"1593\" data-end=\"1634\">\n<td data-start=\"1593\" data-end=\"1618\" data-col-size=\"sm\">Voltaje<\/td>\n<td data-start=\"1618\" data-end=\"1634\" data-col-size=\"sm\">110\u202fV<\/td>\n<\/tr>\n<tr data-start=\"1635\" data-end=\"1697\">\n<td data-start=\"1635\" data-end=\"1681\" data-col-size=\"sm\"><span class=\"relative -mx-px my-[-0.2rem] rounded px-px py-[0.2rem] transition-colors duration-100 ease-in-out\">Energ\u00eda de impacto<\/span><\/td>\n<td data-start=\"1681\" data-end=\"1697\" data-col-size=\"sm\">3\u202fJ<\/td>\n<\/tr>\n<tr data-start=\"1698\" data-end=\"1793\">\n<td data-start=\"1698\" data-end=\"1749\" data-col-size=\"sm\"><span class=\"relative -mx-px my-[-0.2rem] rounded px-px py-[0.2rem] transition-colors duration-100 ease-in-out\">RPM sin carga<\/span><\/td>\n<td data-start=\"1749\" data-end=\"1793\" data-col-size=\"sm\"><span class=\"relative -mx-px my-[-0.2rem] rounded px-px py-[0.2rem] transition-colors duration-100 ease-in-out\">0\u20131\u202f100 RPM<\/span><\/td>\n<\/tr>\n<tr data-start=\"1794\" data-end=\"1835\">\n<td data-start=\"1794\" data-end=\"1819\" data-col-size=\"sm\">Impactos\/minuto<\/td>\n<td data-start=\"1819\" data-end=\"1835\" data-col-size=\"sm\">~4\u202f900<\/td>\n<\/tr>\n<tr data-start=\"1836\" data-end=\"1925\">\n<td data-start=\"1836\" data-end=\"1881\" data-col-size=\"sm\"><span class=\"relative -mx-px my-[-0.2rem] rounded px-px py-[0.2rem] transition-colors duration-100 ease-in-out\">Perforaci\u00f3n (h:m:a)<\/span><\/td>\n<td data-col-size=\"sm\" data-start=\"1881\" data-end=\"1925\"><span class=\"relative -mx-px my-[-0.2rem] rounded px-px py-[0.2rem] transition-colors duration-100 ease-in-out\">26\u201330\u201313\u202fmm<\/span><\/td>\n<\/tr>\n<tr data-start=\"1926\" data-end=\"2000\">\n<td data-start=\"1926\" data-end=\"1951\" data-col-size=\"sm\">Peso<\/td>\n<td data-start=\"1951\" data-end=\"2000\" data-col-size=\"sm\"><span class=\"relative -mx-px my-[-0.2rem] rounded px-px py-[0.2rem] transition-colors duration-100 ease-in-out\">2,6\u202fkg<\/span><\/td>\n<\/tr>\n<tr data-start=\"2001\" data-end=\"2065\">\n<td data-start=\"2001\" data-end=\"2049\" data-col-size=\"sm\"><span class=\"relative -mx-px my-[-0.2rem] rounded px-px py-[0.2rem] transition-colors duration-100 ease-in-out\">Modos de trabajo<\/span><\/td>\n<td data-start=\"2049\" data-end=\"2065\" data-col-size=\"sm\">4 funciones<\/td>\n<\/tr>\n<tr data-start=\"2066\" data-end=\"2107\">\n<td data-start=\"2066\" data-end=\"2091\" data-col-size=\"sm\">Accesorios incluidos<\/td>\n<td data-start=\"2091\" data-end=\"2107\" data-col-size=\"sm\">S\u00ed, variados<\/td>\n<\/tr>\n<\/tbody>\n<\/table>\n<\/div>\n<\/div>\n","protected":false},"excerpt":{"rendered":"<p>\ud83d\udee0\ufe0f Rotomartillo Ronix 2701V \u2013 Detalles T\u00e9cnicos Este taladro percutor de alto rendimiento cuenta con caracter\u00edsticas destacadas para trabajos exigentes [&hellip;]<\/p>\n","protected":false},"featured_media":1184,"template":"","meta":{"content-type":"","site-sidebar-layout":"default","site-content-layout":"","ast-site-content-layout":"default","site-content-style":"default","site-sidebar-style":"default","ast-global-header-display":"","ast-banner-title-visibility":"","ast-main-header-display":"","ast-hfb-above-header-display":"","ast-hfb-below-header-display":"","ast-hfb-mobile-header-display":"","site-post-title":"","ast-breadcrumbs-content":"","ast-featured-img":"","footer-sml-layout":"","ast-disable-related-posts":"","theme-transparent-header-meta":"default","adv-header-id-meta":"","stick-header-meta":"","header-above-stick-meta":"","header-main-stick-meta":"","header-below-stick-meta":"","astra-migrate-meta-layouts":"set","ast-page-background-enabled":"default","ast-page-background-meta":{"desktop":{"background-color":"var(--ast-global-color-5)","background-image":"","background-repeat":"repeat","background-position":"center center","background-size":"auto","background-attachment":"scroll","background-type":"","background-media":"","overlay-type":"","overlay-color":"","overlay-opacity":"","overlay-gradient":""},"tablet":{"background-color":"","background-image":"","background-repeat":"repeat","background-position":"center center","background-size":"auto","background-attachment":"scroll","background-type":"","background-media":"","overlay-type":"","overlay-color":"","overlay-opacity":"","overlay-gradient":""},"mobile":{"background-color":"","background-image":"","background-repeat":"repeat","background-position":"center center","background-size":"auto","background-attachment":"scroll","background-type":"","background-media":"","overlay-type":"","overlay-color":"","overlay-opacity":"","overlay-gradient":""}},"ast-content-background-meta":{"desktop":{"background-color":"var(--ast-global-color-4)","background-image":"","background-repeat":"repeat","background-position":"center center","background-size":"auto","background-attachment":"scroll","background-type":"","background-media":"","overlay-type":"","overlay-color":"","overlay-opacity":"","overlay-gradient":""},"tablet":{"background-color":"var(--ast-global-color-4)","background-image":"","background-repeat":"repeat","background-position":"center center","background-size":"auto","background-attachment":"scroll","background-type":"","background-media":"","overlay-type":"","overlay-color":"","overlay-opacity":"","overlay-gradient":""},"mobile":{"background-color":"var(--ast-global-color-4)","background-image":"","background-repeat":"repeat","background-position":"center center","background-size":"auto","background-attachment":"scroll","background-type":"","background-media":"","overlay-type":"","overlay-color":"","overlay-opacity":"","overlay-gradient":""}}},"product_brand":[],"product_cat":[33,80],"product_tag":[],"class_list":{"0":"post-1182","1":"product","2":"type-product","3":"status-publish","4":"has-post-thumbnail","6":"product_cat-ferreteria","7":"product_cat-rotomartillo","8":"desktop-align-center","9":"tablet-align-center","10":"mobile-align-center","12":"first","13":"instock","14":"shipping-taxable","15":"purchasable","16":"product-type-simple"},"_links":{"self":[{"href":"https:\/\/blackrhinotoolpro.com\/index.php\/wp-json\/wp\/v2\/product\/1182","targetHints":{"allow":["GET"]}}],"collection":[{"href":"https:\/\/blackrhinotoolpro.com\/index.php\/wp-json\/wp\/v2\/product"}],"about":[{"href":"https:\/\/blackrhinotoolpro.com\/index.php\/wp-json\/wp\/v2\/types\/product"}],"wp:featuredmedia":[{"embeddable":true,"href":"https:\/\/blackrhinotoolpro.com\/index.php\/wp-json\/wp\/v2\/media\/1184"}],"wp:attachment":[{"href":"https:\/\/blackrhinotoolpro.com\/index.php\/wp-json\/wp\/v2\/media?parent=1182"}],"wp:term":[{"taxonomy":"product_brand","embeddable":true,"href":"https:\/\/blackrhinotoolpro.com\/index.php\/wp-json\/wp\/v2\/product_brand?post=1182"},{"taxonomy":"product_cat","embeddable":true,"href":"https:\/\/blackrhinotoolpro.com\/index.php\/wp-json\/wp\/v2\/product_cat?post=1182"},{"taxonomy":"product_tag","embeddable":true,"href":"https:\/\/blackrhinotoolpro.com\/index.php\/wp-json\/wp\/v2\/product_tag?post=1182"}],"curies":[{"name":"wp","href":"https:\/\/api.w.org\/{rel}","templated":true}]}}