{"id":1172,"date":"2025-07-09T15:31:57","date_gmt":"2025-07-09T15:31:57","guid":{"rendered":"https:\/\/blackrhinotoolpro.com\/?post_type=product&#038;p=1172"},"modified":"2026-01-09T19:06:44","modified_gmt":"2026-01-09T19:06:44","slug":"2724v-roto-martillo-700w-24mm-110v","status":"publish","type":"product","link":"https:\/\/blackrhinotoolpro.com\/index.php\/producto\/2724v-roto-martillo-700w-24mm-110v\/","title":{"rendered":"2724V Roto Martillo 700w-24mm-110V"},"content":{"rendered":"<p>&nbsp;<\/p>\n<h2 data-start=\"44\" data-end=\"90\">\ud83d\udd28 Rotomartillo Ronix 2724V (110\u202fV \u2013 700\u202fW)<\/h2>\n<ul data-start=\"92\" data-end=\"507\">\n<li data-start=\"92\" data-end=\"133\">\n<p data-start=\"94\" data-end=\"133\"><span class=\"relative -mx-px my-[-0.2rem] rounded px-px py-[0.2rem] transition-colors duration-100 ease-in-out\"><strong data-start=\"0\" data-end=\"12\" data-is-only-node=\"\">Potencia<\/strong>: 700\u202fW<\/span><\/p>\n<\/li>\n<li data-start=\"134\" data-end=\"175\">\n<p data-start=\"136\" data-end=\"175\"><span class=\"relative -mx-px my-[-0.2rem] rounded px-px py-[0.2rem] transition-colors duration-100 ease-in-out\"><strong data-start=\"0\" data-end=\"22\" data-is-only-node=\"\">Energ\u00eda de impacto<\/strong>: 2,2\u202fJ<\/span><\/p>\n<\/li>\n<li data-start=\"176\" data-end=\"217\">\n<p data-start=\"178\" data-end=\"217\"><span class=\"relative -mx-px my-[-0.2rem] rounded px-px py-[0.2rem] transition-colors duration-100 ease-in-out\"><strong data-start=\"0\" data-end=\"23\" data-is-only-node=\"\">Velocidad sin carga<\/strong>: 0\u20131,700\u202fRPM<\/span><\/p>\n<\/li>\n<li data-start=\"218\" data-end=\"259\">\n<p data-start=\"220\" data-end=\"259\"><span class=\"relative -mx-px my-[-0.2rem] rounded px-px py-[0.2rem] transition-colors duration-100 ease-in-out\"><strong data-start=\"0\" data-end=\"10\" data-is-only-node=\"\">Golpes<\/strong>: hasta 5,500\u202fBPM<\/span><\/p>\n<\/li>\n<li data-start=\"260\" data-end=\"301\">\n<p data-start=\"262\" data-end=\"301\"><span class=\"relative -mx-px my-[-0.2rem] rounded px-px py-[0.2rem] transition-colors duration-100 ease-in-out\"><strong data-start=\"0\" data-end=\"11\" data-is-only-node=\"\">Voltaje<\/strong>: 110\u202fV, 50\u201360\u202fHz<\/span><\/p>\n<\/li>\n<li data-start=\"302\" data-end=\"343\">\n<p data-start=\"304\" data-end=\"343\"><span class=\"relative -mx-px my-[-0.2rem] rounded px-px py-[0.2rem] transition-colors duration-100 ease-in-out\"><strong data-start=\"0\" data-end=\"28\" data-is-only-node=\"\">Di\u00e1metros de perforaci\u00f3n<\/strong>: hormig\u00f3n 22\u202fmm \u00b7 madera 30\u202fmm \u00b7 acero 13\u202fmm<\/span><\/p>\n<\/li>\n<li data-start=\"344\" data-end=\"385\">\n<p data-start=\"346\" data-end=\"385\"><span class=\"relative -mx-px my-[-0.2rem] rounded px-px py-[0.2rem] transition-colors duration-100 ease-in-out\"><strong data-start=\"0\" data-end=\"11\" data-is-only-node=\"\">Mandril<\/strong>: SDS\u2011Plus de 24\u202fmm con sistema de inserci\u00f3n r\u00e1pida<\/span><\/p>\n<\/li>\n<li data-start=\"386\" data-end=\"427\">\n<p data-start=\"388\" data-end=\"427\"><span class=\"relative -mx-px my-[-0.2rem] rounded px-px py-[0.2rem] transition-colors duration-100 ease-in-out\"><strong data-start=\"0\" data-end=\"8\" data-is-only-node=\"\">Peso<\/strong>: ~2,5\u202fkg<\/span><\/p>\n<\/li>\n<li data-start=\"428\" data-end=\"507\">\n<p data-start=\"430\" data-end=\"507\"><span class=\"relative -mx-px my-[-0.2rem] rounded px-px py-[0.2rem] transition-colors duration-100 ease-in-out\"><strong data-start=\"0\" data-end=\"14\" data-is-only-node=\"\">Accesorios<\/strong>: malet\u00edn BMC, mango auxiliar giratorio 360\u00b0, medidor de profundidad, brocas SDS\u2011Plus 7\/8\/10\u202fmm, embrague de seguridad, bot\u00f3n de bloqueo<\/span><\/p>\n<\/li>\n<li data-start=\"428\" data-end=\"507\"><strong data-start=\"0\" data-end=\"17\" data-is-only-node=\"\">700\u202fW \u2013 110\u202fV<\/strong>: ideal si trabajas en regiones con electricidad de 110\u202fV (como en Norteam\u00e9rica) y necesitas un equipo liviano, vers\u00e1til y f\u00e1cil de manejar.<\/li>\n<\/ul>\n<hr data-start=\"509\" data-end=\"512\" \/>\n","protected":false},"excerpt":{"rendered":"<p>&nbsp; \ud83d\udd28 Rotomartillo Ronix 2724V (110\u202fV \u2013 700\u202fW) Potencia: 700\u202fW Energ\u00eda de impacto: 2,2\u202fJ Velocidad sin carga: 0\u20131,700\u202fRPM Golpes: hasta [&hellip;]<\/p>\n","protected":false},"featured_media":1174,"template":"","meta":{"content-type":"","site-sidebar-layout":"default","site-content-layout":"","ast-site-content-layout":"default","site-content-style":"default","site-sidebar-style":"default","ast-global-header-display":"","ast-banner-title-visibility":"","ast-main-header-display":"","ast-hfb-above-header-display":"","ast-hfb-below-header-display":"","ast-hfb-mobile-header-display":"","site-post-title":"","ast-breadcrumbs-content":"","ast-featured-img":"","footer-sml-layout":"","ast-disable-related-posts":"","theme-transparent-header-meta":"default","adv-header-id-meta":"","stick-header-meta":"","header-above-stick-meta":"","header-main-stick-meta":"","header-below-stick-meta":"","astra-migrate-meta-layouts":"set","ast-page-background-enabled":"default","ast-page-background-meta":{"desktop":{"background-color":"var(--ast-global-color-5)","background-image":"","background-repeat":"repeat","background-position":"center center","background-size":"auto","background-attachment":"scroll","background-type":"","background-media":"","overlay-type":"","overlay-color":"","overlay-opacity":"","overlay-gradient":""},"tablet":{"background-color":"","background-image":"","background-repeat":"repeat","background-position":"center center","background-size":"auto","background-attachment":"scroll","background-type":"","background-media":"","overlay-type":"","overlay-color":"","overlay-opacity":"","overlay-gradient":""},"mobile":{"background-color":"","background-image":"","background-repeat":"repeat","background-position":"center center","background-size":"auto","background-attachment":"scroll","background-type":"","background-media":"","overlay-type":"","overlay-color":"","overlay-opacity":"","overlay-gradient":""}},"ast-content-background-meta":{"desktop":{"background-color":"var(--ast-global-color-4)","background-image":"","background-repeat":"repeat","background-position":"center center","background-size":"auto","background-attachment":"scroll","background-type":"","background-media":"","overlay-type":"","overlay-color":"","overlay-opacity":"","overlay-gradient":""},"tablet":{"background-color":"var(--ast-global-color-4)","background-image":"","background-repeat":"repeat","background-position":"center center","background-size":"auto","background-attachment":"scroll","background-type":"","background-media":"","overlay-type":"","overlay-color":"","overlay-opacity":"","overlay-gradient":""},"mobile":{"background-color":"var(--ast-global-color-4)","background-image":"","background-repeat":"repeat","background-position":"center center","background-size":"auto","background-attachment":"scroll","background-type":"","background-media":"","overlay-type":"","overlay-color":"","overlay-opacity":"","overlay-gradient":""}}},"product_brand":[],"product_cat":[33,80],"product_tag":[],"class_list":{"0":"post-1172","1":"product","2":"type-product","3":"status-publish","4":"has-post-thumbnail","6":"product_cat-ferreteria","7":"product_cat-rotomartillo","8":"desktop-align-center","9":"tablet-align-center","10":"mobile-align-center","12":"first","13":"instock","14":"shipping-taxable","15":"purchasable","16":"product-type-simple"},"_links":{"self":[{"href":"https:\/\/blackrhinotoolpro.com\/index.php\/wp-json\/wp\/v2\/product\/1172","targetHints":{"allow":["GET"]}}],"collection":[{"href":"https:\/\/blackrhinotoolpro.com\/index.php\/wp-json\/wp\/v2\/product"}],"about":[{"href":"https:\/\/blackrhinotoolpro.com\/index.php\/wp-json\/wp\/v2\/types\/product"}],"wp:featuredmedia":[{"embeddable":true,"href":"https:\/\/blackrhinotoolpro.com\/index.php\/wp-json\/wp\/v2\/media\/1174"}],"wp:attachment":[{"href":"https:\/\/blackrhinotoolpro.com\/index.php\/wp-json\/wp\/v2\/media?parent=1172"}],"wp:term":[{"taxonomy":"product_brand","embeddable":true,"href":"https:\/\/blackrhinotoolpro.com\/index.php\/wp-json\/wp\/v2\/product_brand?post=1172"},{"taxonomy":"product_cat","embeddable":true,"href":"https:\/\/blackrhinotoolpro.com\/index.php\/wp-json\/wp\/v2\/product_cat?post=1172"},{"taxonomy":"product_tag","embeddable":true,"href":"https:\/\/blackrhinotoolpro.com\/index.php\/wp-json\/wp\/v2\/product_tag?post=1172"}],"curies":[{"name":"wp","href":"https:\/\/api.w.org\/{rel}","templated":true}]}}