{"id":1152,"date":"2025-06-26T19:43:16","date_gmt":"2025-06-26T19:43:16","guid":{"rendered":"https:\/\/blackrhinotoolpro.com\/?post_type=product&#038;p=1152"},"modified":"2025-12-18T03:19:38","modified_gmt":"2025-12-18T03:19:38","slug":"rh-2716-juego-de-destornillador-64-piezas","status":"publish","type":"product","link":"https:\/\/blackrhinotoolpro.com\/index.php\/producto\/rh-2716-juego-de-destornillador-64-piezas\/","title":{"rendered":"RH-2716 Juego de destornillador (64 piezas)"},"content":{"rendered":"<h3 data-start=\"143\" data-end=\"169\">\ud83d\udd27 Descripci\u00f3n general<\/h3>\n<p data-start=\"170\" data-end=\"323\"><span class=\"relative -mx-px my-[-0.2rem] rounded px-px py-[0.2rem] transition-colors duration-100 ease-in-out\">El RH\u20112716 es un kit completo de puntas y llaves para tornillos, dise\u00f1ado para una amplia variedad de aplicaciones, desde reparaci\u00f3n de electr\u00f3nica (m\u00f3viles, computadoras) hasta bricolaje y automotriz<\/span> . <span class=\"relative -mx-px my-[-0.2rem] rounded px-px py-[0.2rem] transition-colors duration-100 ease-in-out\">Incluye una palanca o mango con trinquete desarrollada para equilibrar velocidad y torque<\/span>.<\/p>\n<hr data-start=\"325\" data-end=\"328\" \/>\n<h3 data-start=\"330\" data-end=\"354\">\ud83d\udce6 Contenido del kit<\/h3>\n<div class=\"_tableContainer_16hzy_1\">\n<div class=\"_tableWrapper_16hzy_14 group flex w-fit flex-col-reverse\" tabindex=\"-1\">\n<table class=\"w-fit min-w-(--thread-content-width)\" data-start=\"356\" data-end=\"798\">\n<thead data-start=\"356\" data-end=\"384\">\n<tr data-start=\"356\" data-end=\"384\">\n<th data-start=\"356\" data-end=\"363\" data-col-size=\"sm\">Tipo<\/th>\n<th data-start=\"363\" data-end=\"384\" data-col-size=\"sm\">Tama\u00f1o y cantidad<\/th>\n<\/tr>\n<\/thead>\n<tbody data-start=\"415\" data-end=\"798\">\n<tr data-start=\"415\" data-end=\"471\">\n<td data-start=\"415\" data-end=\"430\" data-col-size=\"sm\">Ranuras (SL)<\/td>\n<td data-start=\"430\" data-end=\"471\" data-col-size=\"sm\"><span class=\"relative -mx-px my-[-0.2rem] rounded px-px py-[0.2rem] transition-colors duration-100 ease-in-out\">SL3, SL4, SL5 \u00d73, SL6 \u00d73, SL7<\/span><\/td>\n<\/tr>\n<tr data-start=\"472\" data-end=\"529\">\n<td data-start=\"472\" data-end=\"488\" data-col-size=\"sm\">Phillips (PH)<\/td>\n<td data-start=\"488\" data-end=\"529\" data-col-size=\"sm\"><span class=\"relative -mx-px my-[-0.2rem] rounded px-px py-[0.2rem] transition-colors duration-100 ease-in-out\">PH0, PH1 \u00d73, PH2 \u00d74, PH3 \u00d74<\/span><\/td>\n<\/tr>\n<tr data-start=\"530\" data-end=\"587\">\n<td data-start=\"530\" data-end=\"546\" data-col-size=\"sm\">Pozidriv (PZ)<\/td>\n<td data-start=\"546\" data-end=\"587\" data-col-size=\"sm\"><span class=\"relative -mx-px my-[-0.2rem] rounded px-px py-[0.2rem] transition-colors duration-100 ease-in-out\">PZ0, PZ1 \u00d73, PZ2 \u00d73, PZ3 \u00d72<\/span><\/td>\n<\/tr>\n<tr data-start=\"588\" data-end=\"645\">\n<td data-start=\"588\" data-end=\"604\" data-col-size=\"sm\">Hexagonal (H)<\/td>\n<td data-start=\"604\" data-end=\"645\" data-col-size=\"sm\"><span class=\"relative -mx-px my-[-0.2rem] rounded px-px py-[0.2rem] transition-colors duration-100 ease-in-out\">H2, H3 \u00d72, H4 \u00d72, H5 \u00d72, H6 \u00d72<\/span><\/td>\n<\/tr>\n<tr data-start=\"646\" data-end=\"700\">\n<td data-start=\"646\" data-end=\"657\" data-col-size=\"sm\">Torx (T)<\/td>\n<td data-col-size=\"sm\" data-start=\"657\" data-end=\"700\"><span class=\"relative -mx-px my-[-0.2rem] rounded px-px py-[0.2rem] transition-colors duration-100 ease-in-out\">T0, T15 \u00d72, T20 \u00d72, T25 \u00d72, T27 \u00d72, T30 \u00d72, T40 \u00d72<\/span><\/td>\n<\/tr>\n<tr data-start=\"701\" data-end=\"798\">\n<td data-start=\"701\" data-end=\"715\" data-col-size=\"sm\">Nut drivers<\/td>\n<td data-start=\"715\" data-end=\"798\" data-col-size=\"sm\"><span class=\"relative -mx-px my-[-0.2rem] rounded px-px py-[0.2rem] transition-colors duration-100 ease-in-out\">4\u202fmm a 12\u202fmm (1\/4\u2033 sockets)<\/span><\/td>\n<\/tr>\n<\/tbody>\n<\/table>\n<\/div>\n<\/div>\n","protected":false},"excerpt":{"rendered":"<p>\ud83d\udd27 Descripci\u00f3n general El RH\u20112716 es un kit completo de puntas y llaves para tornillos, dise\u00f1ado para una amplia variedad [&hellip;]<\/p>\n","protected":false},"featured_media":1157,"template":"","meta":{"content-type":"","site-sidebar-layout":"default","site-content-layout":"","ast-site-content-layout":"default","site-content-style":"default","site-sidebar-style":"default","ast-global-header-display":"","ast-banner-title-visibility":"","ast-main-header-display":"","ast-hfb-above-header-display":"","ast-hfb-below-header-display":"","ast-hfb-mobile-header-display":"","site-post-title":"","ast-breadcrumbs-content":"","ast-featured-img":"","footer-sml-layout":"","ast-disable-related-posts":"","theme-transparent-header-meta":"default","adv-header-id-meta":"","stick-header-meta":"","header-above-stick-meta":"","header-main-stick-meta":"","header-below-stick-meta":"","astra-migrate-meta-layouts":"set","ast-page-background-enabled":"default","ast-page-background-meta":{"desktop":{"background-color":"var(--ast-global-color-5)","background-image":"","background-repeat":"repeat","background-position":"center center","background-size":"auto","background-attachment":"scroll","background-type":"","background-media":"","overlay-type":"","overlay-color":"","overlay-opacity":"","overlay-gradient":""},"tablet":{"background-color":"","background-image":"","background-repeat":"repeat","background-position":"center center","background-size":"auto","background-attachment":"scroll","background-type":"","background-media":"","overlay-type":"","overlay-color":"","overlay-opacity":"","overlay-gradient":""},"mobile":{"background-color":"","background-image":"","background-repeat":"repeat","background-position":"center center","background-size":"auto","background-attachment":"scroll","background-type":"","background-media":"","overlay-type":"","overlay-color":"","overlay-opacity":"","overlay-gradient":""}},"ast-content-background-meta":{"desktop":{"background-color":"var(--ast-global-color-4)","background-image":"","background-repeat":"repeat","background-position":"center center","background-size":"auto","background-attachment":"scroll","background-type":"","background-media":"","overlay-type":"","overlay-color":"","overlay-opacity":"","overlay-gradient":""},"tablet":{"background-color":"var(--ast-global-color-4)","background-image":"","background-repeat":"repeat","background-position":"center center","background-size":"auto","background-attachment":"scroll","background-type":"","background-media":"","overlay-type":"","overlay-color":"","overlay-opacity":"","overlay-gradient":""},"mobile":{"background-color":"var(--ast-global-color-4)","background-image":"","background-repeat":"repeat","background-position":"center center","background-size":"auto","background-attachment":"scroll","background-type":"","background-media":"","overlay-type":"","overlay-color":"","overlay-opacity":"","overlay-gradient":""}}},"product_brand":[],"product_cat":[33,65],"product_tag":[],"class_list":{"0":"post-1152","1":"product","2":"type-product","3":"status-publish","4":"has-post-thumbnail","6":"product_cat-ferreteria","7":"product_cat-herramientas-manuales","8":"desktop-align-center","9":"tablet-align-center","10":"mobile-align-center","12":"first","13":"instock","14":"shipping-taxable","15":"purchasable","16":"product-type-simple"},"_links":{"self":[{"href":"https:\/\/blackrhinotoolpro.com\/index.php\/wp-json\/wp\/v2\/product\/1152","targetHints":{"allow":["GET"]}}],"collection":[{"href":"https:\/\/blackrhinotoolpro.com\/index.php\/wp-json\/wp\/v2\/product"}],"about":[{"href":"https:\/\/blackrhinotoolpro.com\/index.php\/wp-json\/wp\/v2\/types\/product"}],"wp:featuredmedia":[{"embeddable":true,"href":"https:\/\/blackrhinotoolpro.com\/index.php\/wp-json\/wp\/v2\/media\/1157"}],"wp:attachment":[{"href":"https:\/\/blackrhinotoolpro.com\/index.php\/wp-json\/wp\/v2\/media?parent=1152"}],"wp:term":[{"taxonomy":"product_brand","embeddable":true,"href":"https:\/\/blackrhinotoolpro.com\/index.php\/wp-json\/wp\/v2\/product_brand?post=1152"},{"taxonomy":"product_cat","embeddable":true,"href":"https:\/\/blackrhinotoolpro.com\/index.php\/wp-json\/wp\/v2\/product_cat?post=1152"},{"taxonomy":"product_tag","embeddable":true,"href":"https:\/\/blackrhinotoolpro.com\/index.php\/wp-json\/wp\/v2\/product_tag?post=1152"}],"curies":[{"name":"wp","href":"https:\/\/api.w.org\/{rel}","templated":true}]}}