{"id":1143,"date":"2025-06-26T19:30:31","date_gmt":"2025-06-26T19:30:31","guid":{"rendered":"https:\/\/blackrhinotoolpro.com\/?post_type=product&#038;p=1143"},"modified":"2025-12-01T13:30:14","modified_gmt":"2025-12-01T13:30:14","slug":"rh%e2%80%919353-medidor-de-distancia-laser-digital","status":"publish","type":"product","link":"https:\/\/blackrhinotoolpro.com\/index.php\/producto\/rh%e2%80%919353-medidor-de-distancia-laser-digital\/","title":{"rendered":"RH\u20119353 Medidor de Distancia L\u00e1ser Digital"},"content":{"rendered":"<h3 data-start=\"44\" data-end=\"76\">\ud83d\udccf Especificaciones t\u00e9cnicas<\/h3>\n<ul data-start=\"77\" data-end=\"942\">\n<li data-start=\"77\" data-end=\"118\">\n<p data-start=\"79\" data-end=\"118\"><span class=\"relative -mx-px my-[-0.2rem] rounded px-px py-[0.2rem] transition-colors duration-100 ease-in-out\"><strong data-start=\"0\" data-end=\"22\" data-is-only-node=\"\">Rango de medici\u00f3n:<\/strong> 0,05\u202fm hasta 100\u202fm<\/span><\/p>\n<\/li>\n<li data-start=\"119\" data-end=\"198\">\n<p data-start=\"121\" data-end=\"198\"><span class=\"relative -mx-px my-[-0.2rem] rounded px-px py-[0.2rem] transition-colors duration-100 ease-in-out\"><strong data-start=\"0\" data-end=\"14\" data-is-only-node=\"\">Precisi\u00f3n:<\/strong> \u00b12\u202fmm (mesura depende de la distancia)<\/span><\/p>\n<\/li>\n<li data-start=\"199\" data-end=\"278\">\n<p data-start=\"201\" data-end=\"278\"><span class=\"relative -mx-px my-[-0.2rem] rounded px-px py-[0.2rem] transition-colors duration-100 ease-in-out\"><strong data-start=\"0\" data-end=\"19\" data-is-only-node=\"\">Clase de l\u00e1ser:<\/strong> Clase II, longitud de onda 620\u2013690\u202fnm,\u00a0<\/span><\/p>\n<\/li>\n<li data-start=\"279\" data-end=\"358\">\n<p data-start=\"281\" data-end=\"358\"><span class=\"relative -mx-px my-[-0.2rem] rounded px-px py-[0.2rem] transition-colors duration-100 ease-in-out\"><strong data-start=\"0\" data-end=\"24\" data-is-only-node=\"\">Unidades soportadas:<\/strong> metros, pies, pulgadas, pies\u2011pulgadas; \u00e1reas en m\u00b2 o ft\u00b2<\/span><\/p>\n<\/li>\n<li data-start=\"359\" data-end=\"438\">\n<p data-start=\"361\" data-end=\"438\"><span class=\"relative -mx-px my-[-0.2rem] rounded px-px py-[0.2rem] transition-colors duration-100 ease-in-out\"><strong data-start=\"0\" data-end=\"24\" data-is-only-node=\"\">Funciones incluidas:<\/strong> medici\u00f3n simple, continua, m\u00ednima\/m\u00e1xima, \u00e1rea, volumen, medici\u00f3n Pythag\u00f3rica<\/span><\/p>\n<\/li>\n<li data-start=\"439\" data-end=\"522\">\n<p data-start=\"441\" data-end=\"522\"><span class=\"relative -mx-px my-[-0.2rem] rounded px-px py-[0.2rem] transition-colors duration-100 ease-in-out\"><strong data-start=\"0\" data-end=\"13\" data-is-only-node=\"\">Pantalla:<\/strong> retroiluminada a color de m\u00faltiples l\u00edneas, visible en condiciones de poca luz<\/span><\/p>\n<\/li>\n<li data-start=\"523\" data-end=\"606\">\n<p data-start=\"525\" data-end=\"606\"><span class=\"relative -mx-px my-[-0.2rem] rounded px-px py-[0.2rem] transition-colors duration-100 ease-in-out\"><strong data-start=\"0\" data-end=\"15\" data-is-only-node=\"\">Protecci\u00f3n:<\/strong> IP54 (resistente al polvo y salpicaduras)<\/span><\/p>\n<\/li>\n<li data-start=\"607\" data-end=\"690\">\n<p data-start=\"609\" data-end=\"690\"><span class=\"relative -mx-px my-[-0.2rem] rounded px-px py-[0.2rem] transition-colors duration-100 ease-in-out\"><strong data-start=\"0\" data-end=\"33\" data-is-only-node=\"\">Apagado autom\u00e1tico del l\u00e1ser:<\/strong> tras 30\u202fs; apagado completo tras 180\u202fs<\/span><\/p>\n<\/li>\n<li data-start=\"691\" data-end=\"774\">\n<p data-start=\"693\" data-end=\"774\"><span class=\"relative -mx-px my-[-0.2rem] rounded px-px py-[0.2rem] transition-colors duration-100 ease-in-out\"><strong data-start=\"0\" data-end=\"17\" data-is-only-node=\"\">Alimentaci\u00f3n:<\/strong> 2\u202f\u00d7\u202fAAA (vida \u00fatil aprox. 5000 mediciones)<\/span><\/p>\n<\/li>\n<li data-start=\"775\" data-end=\"858\">\n<p data-start=\"777\" data-end=\"858\"><span class=\"relative -mx-px my-[-0.2rem] rounded px-px py-[0.2rem] transition-colors duration-100 ease-in-out\"><strong data-start=\"0\" data-end=\"23\" data-is-only-node=\"\">Dimensiones y peso:<\/strong> ~118\u202f\u00d7\u202f50\u202f\u00d7\u202f25\u202fmm, ~92\u202fg<\/span><\/p>\n<\/li>\n<li data-start=\"859\" data-end=\"942\">\n<p data-start=\"861\" data-end=\"942\"><span class=\"relative -mx-px my-[-0.2rem] rounded px-px py-[0.2rem] transition-colors duration-100 ease-in-out\"><strong data-start=\"0\" data-end=\"26\" data-is-only-node=\"\">Temperatura operativa:<\/strong> 0\u202f\u00b0C a 40\u202f\u00b0C; almacenamiento: \u201320\u202f\u00b0C a 65\u202f\u00b0C<\/span><\/p>\n<\/li>\n<\/ul>\n<hr data-start=\"944\" data-end=\"947\" \/>\n<h3 data-start=\"949\" data-end=\"976\">\ud83e\udde0 Manual y gu\u00eda de uso<\/h3>\n<p data-start=\"977\" data-end=\"1018\"><span class=\"relative -mx-px my-[-0.2rem] rounded px-px py-[0.2rem] transition-colors duration-100 ease-in-out\">El manual del RH\u20119353 incluye:<\/span><\/p>\n<ul data-start=\"1019\" data-end=\"1190\">\n<li data-start=\"1019\" data-end=\"1062\">\n<p data-start=\"1021\" data-end=\"1062\"><span class=\"relative -mx-px my-[-0.2rem] rounded px-px py-[0.2rem] transition-colors duration-100 ease-in-out\">Listado de partes y botones<\/span><\/p>\n<\/li>\n<li data-start=\"1063\" data-end=\"1106\">\n<p data-start=\"1065\" data-end=\"1106\"><span class=\"relative -mx-px my-[-0.2rem] rounded px-px py-[0.2rem] transition-colors duration-100 ease-in-out\">Instrucciones para funciones (medici\u00f3n \u00fanica, continua, \u00e1rea, volumen, Pythagoras)<\/span><\/p>\n<\/li>\n<li data-start=\"1107\" data-end=\"1190\">\n<p data-start=\"1109\" data-end=\"1190\"><span class=\"relative -mx-px my-[-0.2rem] rounded px-px py-[0.2rem] transition-colors duration-100 ease-in-out\">Men\u00fa, referencias, historial de datos (guarda hasta 99 lecturas), manejo de errores, y bater\u00eda<\/span><\/p>\n<\/li>\n<\/ul>\n<p data-start=\"1192\" data-end=\"1272\"><span class=\"relative -mx-px my-[-0.2rem] rounded px-px py-[0.2rem] transition-colors duration-100 ease-in-out\">Puedes descargar el manual completo desde ManualsLib buscando <strong data-start=\"62\" data-end=\"86\" data-is-last-node=\"\">Ronix RH\u20119353 Manual<\/strong><\/span>.<\/p>\n<hr data-start=\"1274\" data-end=\"1277\" \/>\n<h3 data-start=\"1279\" data-end=\"1312\">\ud83d\udee0\ufe0f \u00bfPara qui\u00e9n est\u00e1 pensado?<\/h3>\n<p data-start=\"1313\" data-end=\"1431\">Ideal para profesionales de la construcci\u00f3n, dise\u00f1o interior, topograf\u00eda, y tambi\u00e9n para uso casero por estas razones:<\/p>\n<ul data-start=\"1432\" data-end=\"1692\">\n<li data-start=\"1432\" data-end=\"1485\">\n<p data-start=\"1434\" data-end=\"1485\">Precisi\u00f3n de \u00b12\u202fmm con gran alcance (hasta 100\u202fm)<\/p>\n<\/li>\n<li data-start=\"1486\" data-end=\"1549\">\n<p data-start=\"1488\" data-end=\"1549\">Multiples modos \u00fatiles (\u00e1rea, volumen, m\u00edn\/max, Pythagoras)<\/p>\n<\/li>\n<li data-start=\"1550\" data-end=\"1602\">\n<p data-start=\"1552\" data-end=\"1602\">Pantalla clara y cuerpo compacto con buen agarre<\/p>\n<\/li>\n<li data-start=\"1603\" data-end=\"1640\">\n<p data-start=\"1605\" data-end=\"1640\">Robusto frente al polvo y humedad<\/p>\n<\/li>\n<li data-start=\"1641\" data-end=\"1692\">\n<p data-start=\"1643\" data-end=\"1692\">Bater\u00eda duradera y apagado autom\u00e1tico para ahorro<\/p>\n<\/li>\n<\/ul>\n","protected":false},"excerpt":{"rendered":"<p>\ud83d\udccf Especificaciones t\u00e9cnicas Rango de medici\u00f3n: 0,05\u202fm hasta 100\u202fm Precisi\u00f3n: \u00b12\u202fmm (mesura depende de la distancia) Clase de l\u00e1ser: Clase [&hellip;]<\/p>\n","protected":false},"featured_media":1149,"template":"","meta":{"content-type":"","site-sidebar-layout":"default","site-content-layout":"","ast-site-content-layout":"default","site-content-style":"default","site-sidebar-style":"default","ast-global-header-display":"","ast-banner-title-visibility":"","ast-main-header-display":"","ast-hfb-above-header-display":"","ast-hfb-below-header-display":"","ast-hfb-mobile-header-display":"","site-post-title":"","ast-breadcrumbs-content":"","ast-featured-img":"","footer-sml-layout":"","ast-disable-related-posts":"","theme-transparent-header-meta":"default","adv-header-id-meta":"","stick-header-meta":"","header-above-stick-meta":"","header-main-stick-meta":"","header-below-stick-meta":"","astra-migrate-meta-layouts":"set","ast-page-background-enabled":"default","ast-page-background-meta":{"desktop":{"background-color":"var(--ast-global-color-5)","background-image":"","background-repeat":"repeat","background-position":"center center","background-size":"auto","background-attachment":"scroll","background-type":"","background-media":"","overlay-type":"","overlay-color":"","overlay-opacity":"","overlay-gradient":""},"tablet":{"background-color":"","background-image":"","background-repeat":"repeat","background-position":"center center","background-size":"auto","background-attachment":"scroll","background-type":"","background-media":"","overlay-type":"","overlay-color":"","overlay-opacity":"","overlay-gradient":""},"mobile":{"background-color":"","background-image":"","background-repeat":"repeat","background-position":"center center","background-size":"auto","background-attachment":"scroll","background-type":"","background-media":"","overlay-type":"","overlay-color":"","overlay-opacity":"","overlay-gradient":""}},"ast-content-background-meta":{"desktop":{"background-color":"var(--ast-global-color-4)","background-image":"","background-repeat":"repeat","background-position":"center center","background-size":"auto","background-attachment":"scroll","background-type":"","background-media":"","overlay-type":"","overlay-color":"","overlay-opacity":"","overlay-gradient":""},"tablet":{"background-color":"var(--ast-global-color-4)","background-image":"","background-repeat":"repeat","background-position":"center center","background-size":"auto","background-attachment":"scroll","background-type":"","background-media":"","overlay-type":"","overlay-color":"","overlay-opacity":"","overlay-gradient":""},"mobile":{"background-color":"var(--ast-global-color-4)","background-image":"","background-repeat":"repeat","background-position":"center center","background-size":"auto","background-attachment":"scroll","background-type":"","background-media":"","overlay-type":"","overlay-color":"","overlay-opacity":"","overlay-gradient":""}}},"product_brand":[],"product_cat":[33,79],"product_tag":[],"class_list":{"0":"post-1143","1":"product","2":"type-product","3":"status-publish","4":"has-post-thumbnail","6":"product_cat-ferreteria","7":"product_cat-metro-laser","8":"desktop-align-center","9":"tablet-align-center","10":"mobile-align-center","12":"first","13":"instock","14":"shipping-taxable","15":"purchasable","16":"product-type-simple"},"_links":{"self":[{"href":"https:\/\/blackrhinotoolpro.com\/index.php\/wp-json\/wp\/v2\/product\/1143","targetHints":{"allow":["GET"]}}],"collection":[{"href":"https:\/\/blackrhinotoolpro.com\/index.php\/wp-json\/wp\/v2\/product"}],"about":[{"href":"https:\/\/blackrhinotoolpro.com\/index.php\/wp-json\/wp\/v2\/types\/product"}],"wp:featuredmedia":[{"embeddable":true,"href":"https:\/\/blackrhinotoolpro.com\/index.php\/wp-json\/wp\/v2\/media\/1149"}],"wp:attachment":[{"href":"https:\/\/blackrhinotoolpro.com\/index.php\/wp-json\/wp\/v2\/media?parent=1143"}],"wp:term":[{"taxonomy":"product_brand","embeddable":true,"href":"https:\/\/blackrhinotoolpro.com\/index.php\/wp-json\/wp\/v2\/product_brand?post=1143"},{"taxonomy":"product_cat","embeddable":true,"href":"https:\/\/blackrhinotoolpro.com\/index.php\/wp-json\/wp\/v2\/product_cat?post=1143"},{"taxonomy":"product_tag","embeddable":true,"href":"https:\/\/blackrhinotoolpro.com\/index.php\/wp-json\/wp\/v2\/product_tag?post=1143"}],"curies":[{"name":"wp","href":"https:\/\/api.w.org\/{rel}","templated":true}]}}