{"id":1100,"date":"2025-06-26T01:18:46","date_gmt":"2025-06-26T01:18:46","guid":{"rendered":"https:\/\/blackrhinotoolpro.com\/?post_type=product&#038;p=1100"},"modified":"2025-12-01T13:30:15","modified_gmt":"2025-12-01T13:30:15","slug":"aierra-de-arco-manual","status":"publish","type":"product","link":"https:\/\/blackrhinotoolpro.com\/index.php\/producto\/aierra-de-arco-manual\/","title":{"rendered":"RH-3610 Sierra de Arco Manual"},"content":{"rendered":"<h2 data-start=\"86\" data-end=\"118\">\ud83d\udee0\ufe0f Especificaciones t\u00e9cnicas<\/h2>\n<ul data-start=\"120\" data-end=\"649\">\n<li data-start=\"120\" data-end=\"161\">\n<p data-start=\"122\" data-end=\"161\"><span class=\"relative -mx-px my-[-0.2rem] rounded px-px py-[0.2rem] transition-colors duration-100 ease-in-out\"><strong data-start=\"0\" data-end=\"10\" data-is-only-node=\"\">Modelo<\/strong>: RH\u20113610<\/span><\/p>\n<\/li>\n<li data-start=\"162\" data-end=\"241\">\n<p data-start=\"164\" data-end=\"241\"><span class=\"relative -mx-px my-[-0.2rem] rounded px-px py-[0.2rem] transition-colors duration-100 ease-in-out\"><strong data-start=\"0\" data-end=\"20\" data-is-only-node=\"\">Longitud de hoja<\/strong>: 300\u202fmm (12\u2033)<\/span><\/p>\n<\/li>\n<li data-start=\"242\" data-end=\"321\">\n<p data-start=\"244\" data-end=\"321\"><span class=\"relative -mx-px my-[-0.2rem] rounded px-px py-[0.2rem] transition-colors duration-100 ease-in-out\"><strong data-start=\"0\" data-end=\"22\" data-is-only-node=\"\">Material del marco<\/strong>: acero reforzado (en algunos mercados aparece como aluminio de fundici\u00f3n ligera) con recubrimiento epoxi anticorrosi\u00f3n<\/span><\/p>\n<\/li>\n<li data-start=\"322\" data-end=\"401\">\n<p data-start=\"324\" data-end=\"401\"><span class=\"relative -mx-px my-[-0.2rem] rounded px-px py-[0.2rem] transition-colors duration-100 ease-in-out\"><strong data-start=\"0\" data-end=\"27\" data-is-only-node=\"\">Profundidad de garganta<\/strong>: ~102\u202fmm<\/span><\/p>\n<\/li>\n<li data-start=\"402\" data-end=\"483\">\n<p data-start=\"404\" data-end=\"483\"><span class=\"relative -mx-px my-[-0.2rem] rounded px-px py-[0.2rem] transition-colors duration-100 ease-in-out\"><strong data-start=\"0\" data-end=\"20\" data-is-only-node=\"\">Material de hoja<\/strong>: Bi\u2011metal de 24\u202fTPI (dientes por pulgada), ideal para cortes limpios en metales, madera y pl\u00e1stico<\/span><\/p>\n<\/li>\n<li data-start=\"484\" data-end=\"567\">\n<p data-start=\"486\" data-end=\"567\"><span class=\"relative -mx-px my-[-0.2rem] rounded px-px py-[0.2rem] transition-colors duration-100 ease-in-out\"><strong data-start=\"0\" data-end=\"14\" data-is-only-node=\"\">Empu\u00f1adura<\/strong>: mango ABS + TPR (goma termopl\u00e1stica), con agarre superior para mejor control<\/span><\/p>\n<\/li>\n<li data-start=\"568\" data-end=\"649\">\n<p data-start=\"570\" data-end=\"649\"><span class=\"relative -mx-px my-[-0.2rem] rounded px-px py-[0.2rem] transition-colors duration-100 ease-in-out\"><strong data-start=\"0\" data-end=\"8\" data-is-only-node=\"\">Peso<\/strong>: ligero, alrededor de 200\u2013300\u202fg<\/span><\/p>\n<\/li>\n<\/ul>\n<hr data-start=\"651\" data-end=\"654\" \/>\n<h2 data-start=\"656\" data-end=\"680\">\u2705 Ventajas destacadas<\/h2>\n<ul data-start=\"682\" data-end=\"855\">\n<li data-start=\"682\" data-end=\"725\">\n<p data-start=\"684\" data-end=\"725\"><span class=\"relative -mx-px my-[-0.2rem] rounded px-px py-[0.2rem] transition-colors duration-100 ease-in-out\"><strong data-start=\"0\" data-end=\"21\" data-is-only-node=\"\">Dise\u00f1o ergon\u00f3mico<\/strong> con agarre superior e inferior reduce la fatiga y mejora la precisi\u00f3n en cortes prolongados.<\/span><\/p>\n<\/li>\n<li data-start=\"726\" data-end=\"769\">\n<p data-start=\"728\" data-end=\"769\"><span class=\"relative -mx-px my-[-0.2rem] rounded px-px py-[0.2rem] transition-colors duration-100 ease-in-out\"><strong data-start=\"0\" data-end=\"33\" data-is-only-node=\"\">Construcci\u00f3n robusta y ligera<\/strong> \u2014 acero o aluminio con recubrimiento epoxi: resistente a golpes y corrosi\u00f3n.<\/span><\/p>\n<\/li>\n<li data-start=\"770\" data-end=\"813\">\n<p data-start=\"772\" data-end=\"813\"><span class=\"relative -mx-px my-[-0.2rem] rounded px-px py-[0.2rem] transition-colors duration-100 ease-in-out\"><strong data-start=\"0\" data-end=\"17\" data-is-only-node=\"\">Hoja bi\u2011metal<\/strong> de alta calidad apta para distintos materiales, incluida madera y pl\u00e1stico.<\/span><\/p>\n<\/li>\n<li data-start=\"814\" data-end=\"855\">\n<p data-start=\"816\" data-end=\"855\"><span class=\"relative -mx-px my-[-0.2rem] rounded px-px py-[0.2rem] transition-colors duration-100 ease-in-out\"><strong data-start=\"0\" data-end=\"25\" data-is-only-node=\"\">Cambio de hoja r\u00e1pido<\/strong> mediante tornillo de ajuste grande para facilitar la sustituci\u00f3n.<\/span><\/p>\n<\/li>\n<\/ul>\n<hr data-start=\"857\" data-end=\"860\" \/>\n<h2 data-start=\"862\" data-end=\"883\">\u26a0\ufe0f Consideraciones<\/h2>\n<ul data-start=\"885\" data-end=\"1014\">\n<li data-start=\"885\" data-end=\"928\">\n<p data-start=\"887\" data-end=\"928\"><span class=\"relative -mx-px my-[-0.2rem] rounded px-px py-[0.2rem] transition-colors duration-100 ease-in-out\">Requiere <strong data-start=\"9\" data-end=\"46\">hojas repuesto Bi\u2011metal de 300\u202fmm<\/strong>, con 24\u202fTPI para mantener cortes limpios.<\/span><\/p>\n<\/li>\n<li data-start=\"929\" data-end=\"972\">\n<p data-start=\"931\" data-end=\"972\"><span class=\"relative -mx-px my-[-0.2rem] rounded px-px py-[0.2rem] transition-colors duration-100 ease-in-out\">No es adecuada para cortes muy profundos; la garganta limita la altura del material (~102\u202fmm).<\/span><\/p>\n<\/li>\n<li data-start=\"973\" data-end=\"1014\">\n<p data-start=\"975\" data-end=\"1014\"><span class=\"relative -mx-px my-[-0.2rem] rounded px-px py-[0.2rem] transition-colors duration-100 ease-in-out\">Para cortes en \u00e1ngulo o espec\u00edficos, existen modelos complementarios (RH\u20113611, RH\u20113612).<\/span><\/p>\n<\/li>\n<\/ul>\n<hr data-start=\"1016\" data-end=\"1019\" \/>\n<h2 data-start=\"1021\" data-end=\"1045\">\ud83d\udd0d Comparativa r\u00e1pida<\/h2>\n<ul data-start=\"1047\" data-end=\"1214\">\n<li data-start=\"1047\" data-end=\"1131\">\n<p data-start=\"1049\" data-end=\"1131\"><span class=\"relative -mx-px my-[-0.2rem] rounded px-px py-[0.2rem] transition-colors duration-100 ease-in-out\"><strong data-start=\"0\" data-end=\"16\" data-is-only-node=\"\">RH\u20113611 Vega<\/strong>: similar tama\u00f1o, mango completamente de ABS+TPR; foco en cortes de precisi\u00f3n con 300\u202fmm de hoja<\/span>.<\/p>\n<\/li>\n<li data-start=\"1132\" data-end=\"1214\">\n<p data-start=\"1134\" data-end=\"1214\"><span class=\"relative -mx-px my-[-0.2rem] rounded px-px py-[0.2rem] transition-colors duration-100 ease-in-out\"><strong data-start=\"0\" data-end=\"42\" data-is-only-node=\"\">Otros modelos Ronix (RH\u20113621, RH\u20113622)<\/strong> son sierras de carpinter\u00eda m\u00e1s grandes (16\u2033 y 20\u2033) con c\u00e1lculos adecuados para madera<\/span> .<\/p>\n<\/li>\n<\/ul>\n<hr data-start=\"1216\" data-end=\"1219\" \/>\n<h2 data-start=\"1221\" data-end=\"1248\">\ud83e\uddf0 \u00bfPara qui\u00e9n es ideal?<\/h2>\n<ul data-start=\"1250\" data-end=\"1559\">\n<li data-start=\"1250\" data-end=\"1357\">\n<p data-start=\"1252\" data-end=\"1357\">Profesionales que necesiten una <strong data-start=\"1284\" data-end=\"1331\">sierra manual duradera y precisa para metal<\/strong> en talleres o en campo.<\/p>\n<\/li>\n<li data-start=\"1358\" data-end=\"1458\">\n<p data-start=\"1360\" data-end=\"1458\">Aficionados exigentes que realizan cortes regulares en <strong data-start=\"1415\" data-end=\"1455\">metal, PVC, madera ligera o perfiles<\/strong>.<\/p>\n<\/li>\n<li data-start=\"1459\" data-end=\"1559\">\n<p data-start=\"1461\" data-end=\"1559\">Usuarios que valoran una herramienta <strong data-start=\"1498\" data-end=\"1538\">ligera, confiable y f\u00e1cil de manejar<\/strong> en tareas m\u00faltiples.<\/p>\n<\/li>\n<\/ul>\n<hr data-start=\"1561\" data-end=\"1564\" \/>\n<h3 data-start=\"1566\" data-end=\"1583\">\ud83d\udcdd Conclusi\u00f3n<\/h3>\n<p data-start=\"1585\" data-end=\"1851\">El <strong data-start=\"1588\" data-end=\"1605\">Ronix RH\u20113610<\/strong> es una excelente opci\u00f3n si est\u00e1s buscando una sierra de arco manual resistente, ligera y ergon\u00f3mica, adecuada para una amplia variedad de cortes diarios. Su hoja bi\u2011metal de alta calidad y su dise\u00f1o pensado para el usuario la hacen muy vers\u00e1til.<\/p>\n","protected":false},"excerpt":{"rendered":"<p>\ud83d\udee0\ufe0f Especificaciones t\u00e9cnicas Modelo: RH\u20113610 Longitud de hoja: 300\u202fmm (12\u2033) Material del marco: acero reforzado (en algunos mercados aparece como [&hellip;]<\/p>\n","protected":false},"featured_media":1101,"template":"","meta":{"content-type":"","site-sidebar-layout":"default","site-content-layout":"","ast-site-content-layout":"default","site-content-style":"default","site-sidebar-style":"default","ast-global-header-display":"","ast-banner-title-visibility":"","ast-main-header-display":"","ast-hfb-above-header-display":"","ast-hfb-below-header-display":"","ast-hfb-mobile-header-display":"","site-post-title":"","ast-breadcrumbs-content":"","ast-featured-img":"","footer-sml-layout":"","ast-disable-related-posts":"","theme-transparent-header-meta":"default","adv-header-id-meta":"","stick-header-meta":"","header-above-stick-meta":"","header-main-stick-meta":"","header-below-stick-meta":"","astra-migrate-meta-layouts":"set","ast-page-background-enabled":"default","ast-page-background-meta":{"desktop":{"background-color":"var(--ast-global-color-5)","background-image":"","background-repeat":"repeat","background-position":"center center","background-size":"auto","background-attachment":"scroll","background-type":"","background-media":"","overlay-type":"","overlay-color":"","overlay-opacity":"","overlay-gradient":""},"tablet":{"background-color":"","background-image":"","background-repeat":"repeat","background-position":"center center","background-size":"auto","background-attachment":"scroll","background-type":"","background-media":"","overlay-type":"","overlay-color":"","overlay-opacity":"","overlay-gradient":""},"mobile":{"background-color":"","background-image":"","background-repeat":"repeat","background-position":"center center","background-size":"auto","background-attachment":"scroll","background-type":"","background-media":"","overlay-type":"","overlay-color":"","overlay-opacity":"","overlay-gradient":""}},"ast-content-background-meta":{"desktop":{"background-color":"var(--ast-global-color-4)","background-image":"","background-repeat":"repeat","background-position":"center center","background-size":"auto","background-attachment":"scroll","background-type":"","background-media":"","overlay-type":"","overlay-color":"","overlay-opacity":"","overlay-gradient":""},"tablet":{"background-color":"var(--ast-global-color-4)","background-image":"","background-repeat":"repeat","background-position":"center center","background-size":"auto","background-attachment":"scroll","background-type":"","background-media":"","overlay-type":"","overlay-color":"","overlay-opacity":"","overlay-gradient":""},"mobile":{"background-color":"var(--ast-global-color-4)","background-image":"","background-repeat":"repeat","background-position":"center center","background-size":"auto","background-attachment":"scroll","background-type":"","background-media":"","overlay-type":"","overlay-color":"","overlay-opacity":"","overlay-gradient":""}}},"product_brand":[],"product_cat":[33,75],"product_tag":[],"class_list":{"0":"post-1100","1":"product","2":"type-product","3":"status-publish","4":"has-post-thumbnail","6":"product_cat-ferreteria","7":"product_cat-sierra-de-arco-manual","8":"desktop-align-center","9":"tablet-align-center","10":"mobile-align-center","12":"first","13":"instock","14":"shipping-taxable","15":"purchasable","16":"product-type-simple"},"_links":{"self":[{"href":"https:\/\/blackrhinotoolpro.com\/index.php\/wp-json\/wp\/v2\/product\/1100","targetHints":{"allow":["GET"]}}],"collection":[{"href":"https:\/\/blackrhinotoolpro.com\/index.php\/wp-json\/wp\/v2\/product"}],"about":[{"href":"https:\/\/blackrhinotoolpro.com\/index.php\/wp-json\/wp\/v2\/types\/product"}],"wp:featuredmedia":[{"embeddable":true,"href":"https:\/\/blackrhinotoolpro.com\/index.php\/wp-json\/wp\/v2\/media\/1101"}],"wp:attachment":[{"href":"https:\/\/blackrhinotoolpro.com\/index.php\/wp-json\/wp\/v2\/media?parent=1100"}],"wp:term":[{"taxonomy":"product_brand","embeddable":true,"href":"https:\/\/blackrhinotoolpro.com\/index.php\/wp-json\/wp\/v2\/product_brand?post=1100"},{"taxonomy":"product_cat","embeddable":true,"href":"https:\/\/blackrhinotoolpro.com\/index.php\/wp-json\/wp\/v2\/product_cat?post=1100"},{"taxonomy":"product_tag","embeddable":true,"href":"https:\/\/blackrhinotoolpro.com\/index.php\/wp-json\/wp\/v2\/product_tag?post=1100"}],"curies":[{"name":"wp","href":"https:\/\/api.w.org\/{rel}","templated":true}]}}