{"id":1075,"date":"2025-06-26T01:05:20","date_gmt":"2025-06-26T01:05:20","guid":{"rendered":"https:\/\/blackrhinotoolpro.com\/?post_type=product&#038;p=1075"},"modified":"2026-03-27T01:00:32","modified_gmt":"2026-03-27T01:00:32","slug":"8653-atornillador-percutor-sin-escobilla-con-bateria-de-20-v-230n-m","status":"publish","type":"product","link":"https:\/\/blackrhinotoolpro.com\/index.php\/producto\/8653-atornillador-percutor-sin-escobilla-con-bateria-de-20-v-230n-m\/","title":{"rendered":"8653 Atornillador Percutor (sin escobilla) con Bater\u00eda de 20\u202fV 230N.m"},"content":{"rendered":"<h2 data-start=\"86\" data-end=\"117\">\u2699\ufe0f Especificaciones t\u00e9cnicas<\/h2>\n<ul data-start=\"119\" data-end=\"818\">\n<li data-start=\"119\" data-end=\"160\">\n<p data-start=\"121\" data-end=\"160\"><span class=\"relative -mx-px my-[-0.2rem] rounded px-px py-[0.2rem] transition-colors duration-100 ease-in-out\"><strong data-start=\"0\" data-end=\"10\" data-is-only-node=\"\">Modelo<\/strong>: Ronix\u202f8653<\/span><\/p>\n<\/li>\n<li data-start=\"161\" data-end=\"240\">\n<p data-start=\"163\" data-end=\"240\"><span class=\"relative -mx-px my-[-0.2rem] rounded px-px py-[0.2rem] transition-colors duration-100 ease-in-out\"><strong data-start=\"0\" data-end=\"16\" data-is-only-node=\"\">Alimentaci\u00f3n<\/strong>: Bater\u00eda Li\u2011Ion 20\u202fV, 2.0\u202fAh (incluye 2 bater\u00edas y cargador 2\u202fA en malet\u00edn BMC)<\/span><\/p>\n<\/li>\n<li data-start=\"241\" data-end=\"320\">\n<p data-start=\"243\" data-end=\"320\"><span class=\"relative -mx-px my-[-0.2rem] rounded px-px py-[0.2rem] transition-colors duration-100 ease-in-out\"><strong data-start=\"0\" data-end=\"9\" data-is-only-node=\"\">Motor<\/strong>: Brushless (sin escobillas), resistente al agua<\/span><\/p>\n<\/li>\n<li data-start=\"321\" data-end=\"400\">\n<p data-start=\"323\" data-end=\"400\"><span class=\"relative -mx-px my-[-0.2rem] rounded px-px py-[0.2rem] transition-colors duration-100 ease-in-out\"><strong data-start=\"0\" data-end=\"14\" data-is-only-node=\"\">Par m\u00e1ximo<\/strong>: 230\u202fNm, con un sistema de embrague electr\u00f3nico de 4 niveles<\/span><\/p>\n<\/li>\n<li data-start=\"401\" data-end=\"482\">\n<p data-start=\"403\" data-end=\"482\"><span class=\"relative -mx-px my-[-0.2rem] rounded px-px py-[0.2rem] transition-colors duration-100 ease-in-out\"><strong data-start=\"0\" data-end=\"25\" data-is-only-node=\"\">Velocidades sin carga<\/strong>: 1\u202f200, 1\u202f900, 2\u202f500 y 3\u202f200\u202fRPM<\/span><\/p>\n<\/li>\n<li data-start=\"483\" data-end=\"566\">\n<p data-start=\"485\" data-end=\"566\"><span class=\"relative -mx-px my-[-0.2rem] rounded px-px py-[0.2rem] transition-colors duration-100 ease-in-out\"><strong data-start=\"0\" data-end=\"27\" data-is-only-node=\"\">Golpes por minuto (IPM)<\/strong>: 1\u202f400, 2\u202f200, 3\u202f000 y 4\u202f000 IPM<\/span><\/p>\n<\/li>\n<li data-start=\"567\" data-end=\"650\">\n<p data-start=\"569\" data-end=\"650\"><span class=\"relative -mx-px my-[-0.2rem] rounded px-px py-[0.2rem] transition-colors duration-100 ease-in-out\"><strong data-start=\"0\" data-end=\"15\" data-is-only-node=\"\">Portabrocas<\/strong>: 6.35\u202fmm hexagonal (ideal para puntas de vaso o brocas hex<\/span><span class=\"\" data-state=\"closed\"><span class=\"ms-1 inline-flex max-w-full items-center relative top-[-0.094rem] animate-[show_150ms_ease-in]\"><span class=\"relative start-0 bottom-0 flex h-full w-full items-center\"><span class=\"flex h-4 w-full items-center justify-between absolute\"><span class=\"-me-1 flex h-full items-center rounded-full px-1 text-[#8F8F8F]\">)<\/span><\/span><\/span><\/span><\/span><\/p>\n<\/li>\n<li data-start=\"651\" data-end=\"734\">\n<p data-start=\"653\" data-end=\"734\"><span class=\"relative -mx-px my-[-0.2rem] rounded px-px py-[0.2rem] transition-colors duration-100 ease-in-out\"><strong data-start=\"0\" data-end=\"8\" data-is-only-node=\"\">Peso<\/strong>: Aproximadamente 1.39\u202fkg (con 1 bater\u00eda de 2\u202fAh)<\/span><\/p>\n<\/li>\n<li data-start=\"735\" data-end=\"818\">\n<p data-start=\"737\" data-end=\"818\"><span class=\"relative -mx-px my-[-0.2rem] rounded px-px py-[0.2rem] transition-colors duration-100 ease-in-out\"><strong data-start=\"0\" data-end=\"10\" data-is-only-node=\"\">Dise\u00f1o<\/strong>: Mango ergon\u00f3mico con recubrimiento de goma, carcasa anti\u2011shock y luz LED integrada<\/span><\/p>\n<\/li>\n<\/ul>\n<hr data-start=\"820\" data-end=\"823\" \/>\n<h2 data-start=\"825\" data-end=\"851\">\ud83d\udca1 Ventajas principales<\/h2>\n<ul data-start=\"853\" data-end=\"1070\">\n<li data-start=\"853\" data-end=\"896\">\n<p data-start=\"855\" data-end=\"896\"><span class=\"relative -mx-px my-[-0.2rem] rounded px-px py-[0.2rem] transition-colors duration-100 ease-in-out\"><strong data-start=\"0\" data-end=\"19\" data-is-only-node=\"\">Motor brushless<\/strong>: eficiente, duradero y apto para condiciones h\u00famedas.<\/span><\/p>\n<\/li>\n<li data-start=\"897\" data-end=\"940\">\n<p data-start=\"899\" data-end=\"940\"><span class=\"relative -mx-px my-[-0.2rem] rounded px-px py-[0.2rem] transition-colors duration-100 ease-in-out\"><strong data-start=\"0\" data-end=\"15\" data-is-only-node=\"\">Par elevado<\/strong>: con 230\u202fNm, ideal para atornillar en estructuras met\u00e1licas, autos o madera dura.<\/span><\/p>\n<\/li>\n<li data-start=\"941\" data-end=\"984\">\n<p data-start=\"943\" data-end=\"984\"><span class=\"relative -mx-px my-[-0.2rem] rounded px-px py-[0.2rem] transition-colors duration-100 ease-in-out\"><strong data-start=\"0\" data-end=\"24\" data-is-only-node=\"\">Control de 4 niveles<\/strong>: permite regular velocidad y golpe seg\u00fan la tarea.<\/span><\/p>\n<\/li>\n<li data-start=\"985\" data-end=\"1028\">\n<p data-start=\"987\" data-end=\"1028\"><span class=\"relative -mx-px my-[-0.2rem] rounded px-px py-[0.2rem] transition-colors duration-100 ease-in-out\"><strong data-start=\"0\" data-end=\"20\" data-is-only-node=\"\">Comodidad de uso<\/strong>: peso ligero, agarre ergon\u00f3mico y luz LED para zonas oscuras.<\/span><\/p>\n<\/li>\n<li data-start=\"1029\" data-end=\"1070\">\n<p data-start=\"1031\" data-end=\"1070\"><span class=\"relative -mx-px my-[-0.2rem] rounded px-px py-[0.2rem] transition-colors duration-100 ease-in-out\"><strong data-start=\"0\" data-end=\"24\" data-is-only-node=\"\">Accesorios incluidos<\/strong>: malet\u00edn, dos bater\u00edas y cargador permiten empezar a usarla de inmediato.<\/span><\/p>\n<\/li>\n<\/ul>\n<hr data-start=\"1072\" data-end=\"1075\" \/>\n<h2 data-start=\"1077\" data-end=\"1109\">\ud83d\udee1\ufe0f Seguridad y mantenimiento<\/h2>\n<ul data-start=\"1111\" data-end=\"1407\">\n<li data-start=\"1111\" data-end=\"1154\">\n<p data-start=\"1113\" data-end=\"1154\"><span class=\"relative -mx-px my-[-0.2rem] rounded px-px py-[0.2rem] transition-colors duration-100 ease-in-out\">Incluye freno autom\u00e1tico al aflojar y reversa.<\/span><\/p>\n<\/li>\n<li data-start=\"1155\" data-end=\"1239\">\n<p data-start=\"1157\" data-end=\"1239\"><span class=\"relative -mx-px my-[-0.2rem] rounded px-px py-[0.2rem] transition-colors duration-100 ease-in-out\">En el manual se recomienda bloquear gatillo antes de insertar o quitar la bater\u00eda<\/span>.<\/p>\n<\/li>\n<li data-start=\"1240\" data-end=\"1324\">\n<p data-start=\"1242\" data-end=\"1324\"><span class=\"relative -mx-px my-[-0.2rem] rounded px-px py-[0.2rem] transition-colors duration-100 ease-in-out\">Limpieza con pa\u00f1o seco o aire: no exponer a la lluvia<\/span> .<\/p>\n<\/li>\n<li data-start=\"1325\" data-end=\"1407\">\n<p data-start=\"1327\" data-end=\"1407\"><span class=\"relative -mx-px my-[-0.2rem] rounded px-px py-[0.2rem] transition-colors duration-100 ease-in-out\">Mantener bater\u00eda cargada, al menos una vez al a\u00f1o si no se usa frecuentemente<\/span> .<\/p>\n<\/li>\n<\/ul>\n<hr data-start=\"1409\" data-end=\"1412\" \/>\n<h2 data-start=\"1414\" data-end=\"1431\">\ud83e\uddf0 Ideal para\u2026<\/h2>\n<ul data-start=\"1433\" data-end=\"1662\">\n<li data-start=\"1433\" data-end=\"1491\">\n<p data-start=\"1435\" data-end=\"1491\">Montajes de estructuras, muebles, tarimas y cubiertas.<\/p>\n<\/li>\n<li data-start=\"1492\" data-end=\"1580\">\n<p data-start=\"1494\" data-end=\"1580\">Trabajos de mec\u00e1nica ligera: fijaci\u00f3n de bujes, tornillos grandes, piezas met\u00e1licas.<\/p>\n<\/li>\n<li data-start=\"1581\" data-end=\"1662\">\n<p data-start=\"1583\" data-end=\"1662\">Proyectos el\u00e9ctricos e instalaciones, gracias a su luz LED y control de torque.<\/p>\n<\/li>\n<\/ul>\n<hr data-start=\"1664\" data-end=\"1667\" \/>\n<h2 data-start=\"1669\" data-end=\"1685\">\ud83d\udcdd En resumen<\/h2>\n<p data-start=\"1687\" data-end=\"1923\">El <strong data-start=\"1690\" data-end=\"1704\">Ronix\u202f8653<\/strong> es un atornillador percutor de gama media\/alta que destaca por su potencia, control de par y dise\u00f1o cuidadoso. Es una herramienta vers\u00e1til que se adapta a profesionales y aficionados que requieran robustez y autonom\u00eda.<\/p>\n","protected":false},"excerpt":{"rendered":"<p>\u2699\ufe0f Especificaciones t\u00e9cnicas Modelo: Ronix\u202f8653 Alimentaci\u00f3n: Bater\u00eda Li\u2011Ion 20\u202fV, 2.0\u202fAh (incluye 2 bater\u00edas y cargador 2\u202fA en malet\u00edn BMC) Motor: [&hellip;]<\/p>\n","protected":false},"featured_media":1085,"template":"","meta":{"content-type":"","site-sidebar-layout":"default","site-content-layout":"","ast-site-content-layout":"default","site-content-style":"default","site-sidebar-style":"default","ast-global-header-display":"","ast-banner-title-visibility":"","ast-main-header-display":"","ast-hfb-above-header-display":"","ast-hfb-below-header-display":"","ast-hfb-mobile-header-display":"","site-post-title":"","ast-breadcrumbs-content":"","ast-featured-img":"","footer-sml-layout":"","ast-disable-related-posts":"","theme-transparent-header-meta":"default","adv-header-id-meta":"","stick-header-meta":"","header-above-stick-meta":"","header-main-stick-meta":"","header-below-stick-meta":"","astra-migrate-meta-layouts":"set","ast-page-background-enabled":"default","ast-page-background-meta":{"desktop":{"background-color":"var(--ast-global-color-5)","background-image":"","background-repeat":"repeat","background-position":"center center","background-size":"auto","background-attachment":"scroll","background-type":"","background-media":"","overlay-type":"","overlay-color":"","overlay-opacity":"","overlay-gradient":""},"tablet":{"background-color":"","background-image":"","background-repeat":"repeat","background-position":"center center","background-size":"auto","background-attachment":"scroll","background-type":"","background-media":"","overlay-type":"","overlay-color":"","overlay-opacity":"","overlay-gradient":""},"mobile":{"background-color":"","background-image":"","background-repeat":"repeat","background-position":"center center","background-size":"auto","background-attachment":"scroll","background-type":"","background-media":"","overlay-type":"","overlay-color":"","overlay-opacity":"","overlay-gradient":""}},"ast-content-background-meta":{"desktop":{"background-color":"var(--ast-global-color-4)","background-image":"","background-repeat":"repeat","background-position":"center center","background-size":"auto","background-attachment":"scroll","background-type":"","background-media":"","overlay-type":"","overlay-color":"","overlay-opacity":"","overlay-gradient":""},"tablet":{"background-color":"var(--ast-global-color-4)","background-image":"","background-repeat":"repeat","background-position":"center center","background-size":"auto","background-attachment":"scroll","background-type":"","background-media":"","overlay-type":"","overlay-color":"","overlay-opacity":"","overlay-gradient":""},"mobile":{"background-color":"var(--ast-global-color-4)","background-image":"","background-repeat":"repeat","background-position":"center center","background-size":"auto","background-attachment":"scroll","background-type":"","background-media":"","overlay-type":"","overlay-color":"","overlay-opacity":"","overlay-gradient":""}}},"product_brand":[],"product_cat":[57,31,33,73],"product_tag":[],"class_list":{"0":"post-1075","1":"product","2":"type-product","3":"status-publish","4":"has-post-thumbnail","6":"product_cat-atornillador-inalambrico","7":"product_cat-equipos-para-taller","8":"product_cat-ferreteria","9":"product_cat-pistola-de-impacto-inalambrica","10":"desktop-align-center","11":"tablet-align-center","12":"mobile-align-center","14":"first","15":"instock","16":"shipping-taxable","17":"purchasable","18":"product-type-simple"},"_links":{"self":[{"href":"https:\/\/blackrhinotoolpro.com\/index.php\/wp-json\/wp\/v2\/product\/1075","targetHints":{"allow":["GET"]}}],"collection":[{"href":"https:\/\/blackrhinotoolpro.com\/index.php\/wp-json\/wp\/v2\/product"}],"about":[{"href":"https:\/\/blackrhinotoolpro.com\/index.php\/wp-json\/wp\/v2\/types\/product"}],"wp:featuredmedia":[{"embeddable":true,"href":"https:\/\/blackrhinotoolpro.com\/index.php\/wp-json\/wp\/v2\/media\/1085"}],"wp:attachment":[{"href":"https:\/\/blackrhinotoolpro.com\/index.php\/wp-json\/wp\/v2\/media?parent=1075"}],"wp:term":[{"taxonomy":"product_brand","embeddable":true,"href":"https:\/\/blackrhinotoolpro.com\/index.php\/wp-json\/wp\/v2\/product_brand?post=1075"},{"taxonomy":"product_cat","embeddable":true,"href":"https:\/\/blackrhinotoolpro.com\/index.php\/wp-json\/wp\/v2\/product_cat?post=1075"},{"taxonomy":"product_tag","embeddable":true,"href":"https:\/\/blackrhinotoolpro.com\/index.php\/wp-json\/wp\/v2\/product_tag?post=1075"}],"curies":[{"name":"wp","href":"https:\/\/api.w.org\/{rel}","templated":true}]}}