{"id":1032,"date":"2025-06-10T01:33:48","date_gmt":"2025-06-10T01:33:48","guid":{"rendered":"https:\/\/blackrhinotoolpro.com\/?post_type=product&#038;p=1032"},"modified":"2025-12-01T13:30:15","modified_gmt":"2025-12-01T13:30:15","slug":"rh-2723-juego-de-destornilladores","status":"publish","type":"product","link":"https:\/\/blackrhinotoolpro.com\/index.php\/producto\/rh-2723-juego-de-destornilladores\/","title":{"rendered":"RH-2723 Juego de Destornilladores"},"content":{"rendered":"<ul>\n<li data-start=\"376\" data-end=\"603\">\n<p data-start=\"378\" data-end=\"392\"><strong data-start=\"378\" data-end=\"391\">Contenido<\/strong>:<\/p>\n<ul data-start=\"395\" data-end=\"603\">\n<li data-start=\"395\" data-end=\"434\">\n<p data-start=\"397\" data-end=\"434\"><span class=\"relative -mx-px my-[-0.2rem] rounded px-px py-[0.2rem] transition-colors duration-100 ease-in-out\">Destornillador de precisi\u00f3n con mango ergon\u00f3mico.<\/span><\/p>\n<\/li>\n<li data-start=\"437\" data-end=\"476\">\n<p data-start=\"439\" data-end=\"476\"><span class=\"relative -mx-px my-[-0.2rem] rounded px-px py-[0.2rem] transition-colors duration-100 ease-in-out\">2 puntas de doble cara (PH2x6mm y PHx5mm).<\/span><\/p>\n<\/li>\n<li data-start=\"479\" data-end=\"520\">\n<p data-start=\"481\" data-end=\"520\"><span class=\"relative -mx-px my-[-0.2rem] rounded px-px py-[0.2rem] transition-colors duration-100 ease-in-out\">1 extensi\u00f3n magn\u00e9tica para facilitar el alcance.<\/span><\/p>\n<\/li>\n<li data-start=\"523\" data-end=\"603\">\n<p data-start=\"525\" data-end=\"603\"><span class=\"relative -mx-px my-[-0.2rem] rounded px-px py-[0.2rem] transition-colors duration-100 ease-in-out\">1 adaptador para mayor versatilidad.<\/span><\/p>\n<\/li>\n<\/ul>\n<\/li>\n<li data-start=\"605\" data-end=\"703\">\n<p data-start=\"607\" data-end=\"620\"><strong data-start=\"607\" data-end=\"619\">Material<\/strong>:<\/p>\n<ul data-start=\"623\" data-end=\"703\">\n<li data-start=\"623\" data-end=\"703\">\n<p data-start=\"625\" data-end=\"703\"><span class=\"relative -mx-px my-[-0.2rem] rounded px-px py-[0.2rem] transition-colors duration-100 ease-in-out\">Acero cromado-vanadio (CR-V), conocido por su alta resistencia y durabilidad.<\/span><\/p>\n<\/li>\n<\/ul>\n<\/li>\n<li data-start=\"705\" data-end=\"845\">\n<p data-start=\"707\" data-end=\"718\"><strong data-start=\"707\" data-end=\"717\">Dise\u00f1o<\/strong>:<\/p>\n<ul data-start=\"721\" data-end=\"845\">\n<li data-start=\"721\" data-end=\"762\">\n<p data-start=\"723\" data-end=\"762\"><span class=\"relative -mx-px my-[-0.2rem] rounded px-px py-[0.2rem] transition-colors duration-100 ease-in-out\">Mango ergon\u00f3mico con recubrimiento antideslizante para un agarre c\u00f3modo y seguro.<\/span><\/p>\n<\/li>\n<li data-start=\"765\" data-end=\"845\">\n<p data-start=\"767\" data-end=\"845\"><span class=\"relative -mx-px my-[-0.2rem] rounded px-px py-[0.2rem] transition-colors duration-100 ease-in-out\">Compacto y ligero, ideal para trabajos de precisi\u00f3n.<\/span><\/p>\n<\/li>\n<\/ul>\n<\/li>\n<li data-start=\"847\" data-end=\"1037\">\n<p data-start=\"849\" data-end=\"866\"><strong data-start=\"849\" data-end=\"865\">Aplicaciones<\/strong>:<\/p>\n<ul data-start=\"869\" data-end=\"1037\">\n<li data-start=\"869\" data-end=\"910\">\n<p data-start=\"871\" data-end=\"910\"><span class=\"relative -mx-px my-[-0.2rem] rounded px-px py-[0.2rem] transition-colors duration-100 ease-in-out\">Montaje y desmontaje de dispositivos electr\u00f3nicos.<\/span><\/p>\n<\/li>\n<li data-start=\"913\" data-end=\"954\">\n<p data-start=\"915\" data-end=\"954\"><span class=\"relative -mx-px my-[-0.2rem] rounded px-px py-[0.2rem] transition-colors duration-100 ease-in-out\">Reparaci\u00f3n de relojes, gafas y otros equipos delicados.<\/span><\/p>\n<\/li>\n<li data-start=\"957\" data-end=\"1037\">\n<p data-start=\"959\" data-end=\"1037\"><span class=\"relative -mx-px my-[-0.2rem] rounded px-px py-[0.2rem] transition-colors duration-100 ease-in-out\">Tareas de bricolaje que requieren precisi\u00f3n.<\/span><\/p>\n<\/li>\n<\/ul>\n<\/li>\n<\/ul>\n","protected":false},"excerpt":{"rendered":"<p>Contenido: Destornillador de precisi\u00f3n con mango ergon\u00f3mico. 2 puntas de doble cara (PH2x6mm y PHx5mm). 1 extensi\u00f3n magn\u00e9tica para facilitar [&hellip;]<\/p>\n","protected":false},"featured_media":1033,"template":"","meta":{"content-type":"","site-sidebar-layout":"default","site-content-layout":"","ast-site-content-layout":"default","site-content-style":"default","site-sidebar-style":"default","ast-global-header-display":"","ast-banner-title-visibility":"","ast-main-header-display":"","ast-hfb-above-header-display":"","ast-hfb-below-header-display":"","ast-hfb-mobile-header-display":"","site-post-title":"","ast-breadcrumbs-content":"","ast-featured-img":"","footer-sml-layout":"","ast-disable-related-posts":"","theme-transparent-header-meta":"default","adv-header-id-meta":"","stick-header-meta":"","header-above-stick-meta":"","header-main-stick-meta":"","header-below-stick-meta":"","astra-migrate-meta-layouts":"set","ast-page-background-enabled":"default","ast-page-background-meta":{"desktop":{"background-color":"var(--ast-global-color-5)","background-image":"","background-repeat":"repeat","background-position":"center center","background-size":"auto","background-attachment":"scroll","background-type":"","background-media":"","overlay-type":"","overlay-color":"","overlay-opacity":"","overlay-gradient":""},"tablet":{"background-color":"","background-image":"","background-repeat":"repeat","background-position":"center center","background-size":"auto","background-attachment":"scroll","background-type":"","background-media":"","overlay-type":"","overlay-color":"","overlay-opacity":"","overlay-gradient":""},"mobile":{"background-color":"","background-image":"","background-repeat":"repeat","background-position":"center center","background-size":"auto","background-attachment":"scroll","background-type":"","background-media":"","overlay-type":"","overlay-color":"","overlay-opacity":"","overlay-gradient":""}},"ast-content-background-meta":{"desktop":{"background-color":"var(--ast-global-color-4)","background-image":"","background-repeat":"repeat","background-position":"center center","background-size":"auto","background-attachment":"scroll","background-type":"","background-media":"","overlay-type":"","overlay-color":"","overlay-opacity":"","overlay-gradient":""},"tablet":{"background-color":"var(--ast-global-color-4)","background-image":"","background-repeat":"repeat","background-position":"center center","background-size":"auto","background-attachment":"scroll","background-type":"","background-media":"","overlay-type":"","overlay-color":"","overlay-opacity":"","overlay-gradient":""},"mobile":{"background-color":"var(--ast-global-color-4)","background-image":"","background-repeat":"repeat","background-position":"center center","background-size":"auto","background-attachment":"scroll","background-type":"","background-media":"","overlay-type":"","overlay-color":"","overlay-opacity":"","overlay-gradient":""}}},"product_brand":[],"product_cat":[33,65],"product_tag":[],"class_list":{"0":"post-1032","1":"product","2":"type-product","3":"status-publish","4":"has-post-thumbnail","6":"product_cat-ferreteria","7":"product_cat-herramientas-manuales","8":"desktop-align-center","9":"tablet-align-center","10":"mobile-align-center","12":"first","13":"instock","14":"shipping-taxable","15":"purchasable","16":"product-type-simple"},"_links":{"self":[{"href":"https:\/\/blackrhinotoolpro.com\/index.php\/wp-json\/wp\/v2\/product\/1032","targetHints":{"allow":["GET"]}}],"collection":[{"href":"https:\/\/blackrhinotoolpro.com\/index.php\/wp-json\/wp\/v2\/product"}],"about":[{"href":"https:\/\/blackrhinotoolpro.com\/index.php\/wp-json\/wp\/v2\/types\/product"}],"wp:featuredmedia":[{"embeddable":true,"href":"https:\/\/blackrhinotoolpro.com\/index.php\/wp-json\/wp\/v2\/media\/1033"}],"wp:attachment":[{"href":"https:\/\/blackrhinotoolpro.com\/index.php\/wp-json\/wp\/v2\/media?parent=1032"}],"wp:term":[{"taxonomy":"product_brand","embeddable":true,"href":"https:\/\/blackrhinotoolpro.com\/index.php\/wp-json\/wp\/v2\/product_brand?post=1032"},{"taxonomy":"product_cat","embeddable":true,"href":"https:\/\/blackrhinotoolpro.com\/index.php\/wp-json\/wp\/v2\/product_cat?post=1032"},{"taxonomy":"product_tag","embeddable":true,"href":"https:\/\/blackrhinotoolpro.com\/index.php\/wp-json\/wp\/v2\/product_tag?post=1032"}],"curies":[{"name":"wp","href":"https:\/\/api.w.org\/{rel}","templated":true}]}}