{"id":1016,"date":"2025-06-10T01:13:38","date_gmt":"2025-06-10T01:13:38","guid":{"rendered":"https:\/\/blackrhinotoolpro.com\/?post_type=product&#038;p=1016"},"modified":"2025-12-01T13:31:16","modified_gmt":"2025-12-01T13:31:16","slug":"rh-2720","status":"publish","type":"product","link":"https:\/\/blackrhinotoolpro.com\/index.php\/producto\/rh-2720\/","title":{"rendered":"RH-2720 Juego de Destornilladores"},"content":{"rendered":"<div class=\"WaaZC\">\n<div class=\"RJPOee EIJn2\">\n<div class=\"rPeykc\" data-hveid=\"CAYQAQ\" data-ved=\"2ahUKEwiR0uKv1uWNAxWVTDABHZBWJVMQo_EKegQIBhAB\">\n<p><span data-huuid=\"3266479039129190106\">El juego de destornilladores Ronix RH-2720 es un\u00a0<mark class=\"QVRyCf\">juego de 8 piezas con diferentes tipos y tama\u00f1os de puntas de destornillador, as\u00ed como un mango intercambiable (con 3 colores) TPR<\/mark>, lo que permite adaptarse a diversas necesidades.<span class=\"pjBG2e\" data-cid=\"9b705f3f-ed0d-4143-9021-884140311a61\"><span class=\"UV3uM\">\u00a0<\/span><\/span><\/span><\/p>\n<div class=\"NPrrbc\" data-cid=\"9b705f3f-ed0d-4143-9021-884140311a61\" data-uuids=\"3266479039129190106\">\n<div class=\"BMebGe btku5b fCrZyc LwdV0e FR7ZSc OJeuxf\" tabindex=\"0\" role=\"button\" aria-label=\"Ver v\u00ednculos relacionados\" data-hveid=\"CAUQAg\" data-ved=\"2ahUKEwiR0uKv1uWNAxWVTDABHZBWJVMQ3fYKegQIBRAC\">\n<div class=\"niO4u\">\n<div class=\"kHtcsd\"><\/div>\n<\/div>\n<\/div>\n<\/div>\n<\/div>\n<\/div>\n<\/div>\n<div class=\"WaaZC\">\n<div class=\"RJPOee EIJn2\">\n<div class=\"rPeykc pyPiTc\" data-hveid=\"CAMQAQ\" data-ved=\"2ahUKEwiR0uKv1uWNAxWVTDABHZBWJVMQo_EKegQIAxAB\"><span data-huuid=\"3266479039129187612\">Caracter\u00edsticas clave del juego Ronix RH-2720:<\/span><\/div>\n<\/div>\n<\/div>\n<div class=\"WaaZC\">\n<div class=\"RJPOee EIJn2\">\n<ul data-hveid=\"CBEQAQ\" data-ved=\"2ahUKEwiR0uKv1uWNAxWVTDABHZBWJVMQm_YKegQIERAB\">\n<li class=\"K3KsMc\">\n<div class=\"zMgcWd dSKvsb\" data-il=\"\">\n<div data-crb-p=\"\">\n<div class=\"xFTqob\">\n<div class=\"Gur8Ad\"><span data-huuid=\"3266479039129190015\"><strong>8 tipos de puntas de destornillador:<\/strong><\/span><\/div>\n<div class=\"vM0jzc\"><span data-huuid=\"3266479039129186720\">El juego incluye destornilladores de diferentes tipos, como los de cabeza plana (3, 5, 6 mm), Phillips (PH0, PH1, PH2), y puntas de clavo\/punz\u00f3n.<\/span><\/div>\n<\/div>\n<\/div>\n<\/div>\n<\/li>\n<li class=\"K3KsMc\">\n<div class=\"zMgcWd dSKvsb\" data-il=\"\">\n<div data-crb-p=\"\">\n<div class=\"xFTqob\">\n<div class=\"Gur8Ad\"><span data-huuid=\"3266479039129188322\"><strong>Mango intercambiable:<\/strong><\/span><\/div>\n<div class=\"vM0jzc\"><span data-huuid=\"3266479039129189123\">El juego incluye un mango TPR intercambiable con 3 colores diferentes, lo que facilita la adaptaci\u00f3n al trabajo y la personalizaci\u00f3n.<\/span><\/div>\n<\/div>\n<\/div>\n<\/div>\n<\/li>\n<li class=\"K3KsMc\">\n<div class=\"zMgcWd dSKvsb\" data-il=\"\">\n<div data-crb-p=\"\">\n<div class=\"xFTqob\">\n<div class=\"Gur8Ad\"><span data-huuid=\"3266479039129186629\"><strong>Dise\u00f1o compacto y vers\u00e1til:<\/strong><\/span><\/div>\n<div class=\"vM0jzc\"><span data-huuid=\"3266479039129187430\">El juego es dise\u00f1ado para ser f\u00e1cil de llevar y utilizar en diversos proyectos, desde reparaciones dom\u00e9sticas hasta tareas el\u00e9ctricas.<span class=\"pjBG2e\" data-cid=\"93ed87ab-084f-4e60-93d7-250a31ddae37\"><span class=\"UV3uM\">\u00a0<\/span><\/span><\/span><\/div>\n<\/div>\n<\/div>\n<\/div>\n<\/li>\n<\/ul>\n<\/div>\n<\/div>\n","protected":false},"excerpt":{"rendered":"<p>El juego de destornilladores Ronix RH-2720 es un\u00a0juego de 8 piezas con diferentes tipos y tama\u00f1os de puntas de destornillador, [&hellip;]<\/p>\n","protected":false},"featured_media":1021,"template":"","meta":{"content-type":"","site-sidebar-layout":"default","site-content-layout":"","ast-site-content-layout":"default","site-content-style":"default","site-sidebar-style":"default","ast-global-header-display":"","ast-banner-title-visibility":"","ast-main-header-display":"","ast-hfb-above-header-display":"","ast-hfb-below-header-display":"","ast-hfb-mobile-header-display":"","site-post-title":"","ast-breadcrumbs-content":"","ast-featured-img":"","footer-sml-layout":"","ast-disable-related-posts":"","theme-transparent-header-meta":"default","adv-header-id-meta":"","stick-header-meta":"","header-above-stick-meta":"","header-main-stick-meta":"","header-below-stick-meta":"","astra-migrate-meta-layouts":"set","ast-page-background-enabled":"default","ast-page-background-meta":{"desktop":{"background-color":"var(--ast-global-color-5)","background-image":"","background-repeat":"repeat","background-position":"center center","background-size":"auto","background-attachment":"scroll","background-type":"","background-media":"","overlay-type":"","overlay-color":"","overlay-opacity":"","overlay-gradient":""},"tablet":{"background-color":"","background-image":"","background-repeat":"repeat","background-position":"center center","background-size":"auto","background-attachment":"scroll","background-type":"","background-media":"","overlay-type":"","overlay-color":"","overlay-opacity":"","overlay-gradient":""},"mobile":{"background-color":"","background-image":"","background-repeat":"repeat","background-position":"center center","background-size":"auto","background-attachment":"scroll","background-type":"","background-media":"","overlay-type":"","overlay-color":"","overlay-opacity":"","overlay-gradient":""}},"ast-content-background-meta":{"desktop":{"background-color":"var(--ast-global-color-4)","background-image":"","background-repeat":"repeat","background-position":"center center","background-size":"auto","background-attachment":"scroll","background-type":"","background-media":"","overlay-type":"","overlay-color":"","overlay-opacity":"","overlay-gradient":""},"tablet":{"background-color":"var(--ast-global-color-4)","background-image":"","background-repeat":"repeat","background-position":"center center","background-size":"auto","background-attachment":"scroll","background-type":"","background-media":"","overlay-type":"","overlay-color":"","overlay-opacity":"","overlay-gradient":""},"mobile":{"background-color":"var(--ast-global-color-4)","background-image":"","background-repeat":"repeat","background-position":"center center","background-size":"auto","background-attachment":"scroll","background-type":"","background-media":"","overlay-type":"","overlay-color":"","overlay-opacity":"","overlay-gradient":""}}},"product_brand":[],"product_cat":[33,65],"product_tag":[],"class_list":{"0":"post-1016","1":"product","2":"type-product","3":"status-publish","4":"has-post-thumbnail","6":"product_cat-ferreteria","7":"product_cat-herramientas-manuales","8":"desktop-align-center","9":"tablet-align-center","10":"mobile-align-center","12":"first","13":"instock","14":"shipping-taxable","15":"purchasable","16":"product-type-simple"},"_links":{"self":[{"href":"https:\/\/blackrhinotoolpro.com\/index.php\/wp-json\/wp\/v2\/product\/1016","targetHints":{"allow":["GET"]}}],"collection":[{"href":"https:\/\/blackrhinotoolpro.com\/index.php\/wp-json\/wp\/v2\/product"}],"about":[{"href":"https:\/\/blackrhinotoolpro.com\/index.php\/wp-json\/wp\/v2\/types\/product"}],"wp:featuredmedia":[{"embeddable":true,"href":"https:\/\/blackrhinotoolpro.com\/index.php\/wp-json\/wp\/v2\/media\/1021"}],"wp:attachment":[{"href":"https:\/\/blackrhinotoolpro.com\/index.php\/wp-json\/wp\/v2\/media?parent=1016"}],"wp:term":[{"taxonomy":"product_brand","embeddable":true,"href":"https:\/\/blackrhinotoolpro.com\/index.php\/wp-json\/wp\/v2\/product_brand?post=1016"},{"taxonomy":"product_cat","embeddable":true,"href":"https:\/\/blackrhinotoolpro.com\/index.php\/wp-json\/wp\/v2\/product_cat?post=1016"},{"taxonomy":"product_tag","embeddable":true,"href":"https:\/\/blackrhinotoolpro.com\/index.php\/wp-json\/wp\/v2\/product_tag?post=1016"}],"curies":[{"name":"wp","href":"https:\/\/api.w.org\/{rel}","templated":true}]}}