{"id":1001,"date":"2025-05-28T02:01:35","date_gmt":"2025-05-28T02:01:35","guid":{"rendered":"https:\/\/blackrhinotoolpro.com\/?post_type=product&#038;p=1001"},"modified":"2026-04-08T23:30:09","modified_gmt":"2026-04-08T23:30:09","slug":"rh-2641-juego-de-llaves-40-piezas","status":"publish","type":"product","link":"https:\/\/blackrhinotoolpro.com\/index.php\/producto\/rh-2641-juego-de-llaves-40-piezas\/","title":{"rendered":"RH-2641 Juego de llaves (40 piezas)"},"content":{"rendered":"<p>Caracter\u00edsticas:<\/p>\n<p>-Juego de 40 piezas, dise\u00f1ado con materiales de alta calidad para un mayor torque y una dureza \u00fanica.<br \/>\n&#8211; Los dados de acero al cromo vanadio de alta resistencia proporcionan un alto torque para una mayor potencia de giro, junto con un acabado cromado espejo que proporciona resistencia al \u00f3xido y la corrosi\u00f3n.<br \/>\n&#8211; Las puntas de las puntas hexagonales Allen est\u00e1n mecanizadas con precisi\u00f3n para garantizar un tama\u00f1o preciso, con extremos biselados para una inserci\u00f3n f\u00e1cil y suave que protege tanto las puntas como los sujetadores de bordes da\u00f1ados.<br \/>\n&#8211; Los dados y las extensiones permanecen bloqueados en el adaptador hasta que se desenganchan con un bot\u00f3n de liberaci\u00f3n r\u00e1pida de f\u00e1cil acceso.<br \/>\n&#8211; El mango de trinquete tiene un dise\u00f1o ergon\u00f3mico con un mecanismo de interruptor de reversa f\u00e1cil de usar, operado con el pulgar.<br \/>\n&#8211; Compatible con llaves de mano y mangos de trinquete.<br \/>\n&#8211; Reduzca el deslizamiento en sujetadores congelados u oxidados.<br \/>\n&#8211; El juego completo incluye diferentes tama\u00f1os de puntas, adem\u00e1s de una llave de mano y un mango de trinquete.<br \/>\n&#8211; Estuche met\u00e1lico para f\u00e1cil identificaci\u00f3n y almacenamiento.<\/p>\n<p>El juego de dados Ronix RH-2641 es una herramienta manual de dise\u00f1o robusto que ofrece gran protecci\u00f3n, comodidad y variedad. Incluye 34 dados de diferentes tama\u00f1os y formas que le ayudar\u00e1n a evitar tener que ir a talleres de herramientas despu\u00e9s de cada nueva tarea, \u00a1ahorrando tiempo y energ\u00eda! El juego de dados Ronix RH-2641 es una herramienta manual altamente resistente a la oxidaci\u00f3n y la corrosi\u00f3n gracias a sus piezas cromadas de espejo. El trinquete curvo del 2641 tiene un dise\u00f1o ergon\u00f3mico, es f\u00e1cil de usar y se opera con el pulgar. Tambi\u00e9n cuenta con un mecanismo de inversi\u00f3n de marcha para facilitar el trabajo. Con este juego, nunca resbalar\u00e1 con sujetadores congelados u oxidados. Estas son solo algunas de las caracter\u00edsticas de esta herramienta manual.<\/p>\n","protected":false},"excerpt":{"rendered":"<p>Caracter\u00edsticas: -Juego de 40 piezas, dise\u00f1ado con materiales de alta calidad para un mayor torque y una dureza \u00fanica. &#8211; [&hellip;]<\/p>\n","protected":false},"featured_media":1007,"template":"","meta":{"content-type":"","site-sidebar-layout":"default","site-content-layout":"","ast-site-content-layout":"default","site-content-style":"default","site-sidebar-style":"default","ast-global-header-display":"","ast-banner-title-visibility":"","ast-main-header-display":"","ast-hfb-above-header-display":"","ast-hfb-below-header-display":"","ast-hfb-mobile-header-display":"","site-post-title":"","ast-breadcrumbs-content":"","ast-featured-img":"","footer-sml-layout":"","ast-disable-related-posts":"","theme-transparent-header-meta":"default","adv-header-id-meta":"","stick-header-meta":"","header-above-stick-meta":"","header-main-stick-meta":"","header-below-stick-meta":"","astra-migrate-meta-layouts":"set","ast-page-background-enabled":"default","ast-page-background-meta":{"desktop":{"background-color":"var(--ast-global-color-5)","background-image":"","background-repeat":"repeat","background-position":"center center","background-size":"auto","background-attachment":"scroll","background-type":"","background-media":"","overlay-type":"","overlay-color":"","overlay-opacity":"","overlay-gradient":""},"tablet":{"background-color":"","background-image":"","background-repeat":"repeat","background-position":"center center","background-size":"auto","background-attachment":"scroll","background-type":"","background-media":"","overlay-type":"","overlay-color":"","overlay-opacity":"","overlay-gradient":""},"mobile":{"background-color":"","background-image":"","background-repeat":"repeat","background-position":"center center","background-size":"auto","background-attachment":"scroll","background-type":"","background-media":"","overlay-type":"","overlay-color":"","overlay-opacity":"","overlay-gradient":""}},"ast-content-background-meta":{"desktop":{"background-color":"var(--ast-global-color-4)","background-image":"","background-repeat":"repeat","background-position":"center center","background-size":"auto","background-attachment":"scroll","background-type":"","background-media":"","overlay-type":"","overlay-color":"","overlay-opacity":"","overlay-gradient":""},"tablet":{"background-color":"var(--ast-global-color-4)","background-image":"","background-repeat":"repeat","background-position":"center center","background-size":"auto","background-attachment":"scroll","background-type":"","background-media":"","overlay-type":"","overlay-color":"","overlay-opacity":"","overlay-gradient":""},"mobile":{"background-color":"var(--ast-global-color-4)","background-image":"","background-repeat":"repeat","background-position":"center center","background-size":"auto","background-attachment":"scroll","background-type":"","background-media":"","overlay-type":"","overlay-color":"","overlay-opacity":"","overlay-gradient":""}}},"product_brand":[],"product_cat":[33,65],"product_tag":[],"class_list":{"0":"post-1001","1":"product","2":"type-product","3":"status-publish","4":"has-post-thumbnail","6":"product_cat-ferreteria","7":"product_cat-herramientas-manuales","8":"desktop-align-center","9":"tablet-align-center","10":"mobile-align-center","12":"first","13":"instock","14":"shipping-taxable","15":"purchasable","16":"product-type-simple"},"_links":{"self":[{"href":"https:\/\/blackrhinotoolpro.com\/index.php\/wp-json\/wp\/v2\/product\/1001","targetHints":{"allow":["GET"]}}],"collection":[{"href":"https:\/\/blackrhinotoolpro.com\/index.php\/wp-json\/wp\/v2\/product"}],"about":[{"href":"https:\/\/blackrhinotoolpro.com\/index.php\/wp-json\/wp\/v2\/types\/product"}],"wp:featuredmedia":[{"embeddable":true,"href":"https:\/\/blackrhinotoolpro.com\/index.php\/wp-json\/wp\/v2\/media\/1007"}],"wp:attachment":[{"href":"https:\/\/blackrhinotoolpro.com\/index.php\/wp-json\/wp\/v2\/media?parent=1001"}],"wp:term":[{"taxonomy":"product_brand","embeddable":true,"href":"https:\/\/blackrhinotoolpro.com\/index.php\/wp-json\/wp\/v2\/product_brand?post=1001"},{"taxonomy":"product_cat","embeddable":true,"href":"https:\/\/blackrhinotoolpro.com\/index.php\/wp-json\/wp\/v2\/product_cat?post=1001"},{"taxonomy":"product_tag","embeddable":true,"href":"https:\/\/blackrhinotoolpro.com\/index.php\/wp-json\/wp\/v2\/product_tag?post=1001"}],"curies":[{"name":"wp","href":"https:\/\/api.w.org\/{rel}","templated":true}]}}